{"id":252636,"date":"2024-04-17T03:34:09","date_gmt":"2024-04-17T01:34:09","guid":{"rendered":"https:\/\/passation.ch\/?page_id=252636"},"modified":"2024-12-01T17:40:03","modified_gmt":"2024-12-01T16:40:03","slug":"gamme-dynamique-200-coeur-ouvert","status":"publish","type":"page","link":"https:\/\/passation.ch\/en\/gamme-dynamique-200-coeur-ouvert\/","title":{"rendered":"Dynamic 200 range Open Heart"},"content":{"rendered":"<p>[et_pb_section fb_built=\"1\u2033 disabled_on=\"off|off|off \" _builder_version=\"4.22.2\u2033 _module_preset=\"default \" background_color=\"#f9f9f9\u2033 background_enable_pattern_style=\"on \" background_pattern_style=\"squares \" background_pattern_color=\"rgba(0,0,0,0.05) \" custom_padding=\"69px||69px||true| \" global_colors_info=\"{} \"][et_pb_row _builder_version=\"4.16\u2033 _module_preset=\"default \" locked=\"off \" global_colors_info=\"{} \"][et_pb_column type=\"4_4\u2033 _builder_version=\"4.16\u2033 _module_preset=\"default \" global_colors_info=\"{} \"][et_pb_image src= \"https:\/\/passation.ch\/wp-content\/uploads\/2023\/10\/Design-sans-titre-10.svg \" title_text= \"Design sans titre (10) \" align=\"center \" _builder_version=\"4.22.2\u2033 _module_preset=\"default \" custom_margin=\"||13px||| \" global_colors_info=\"{} \"][\/et_pb_image][et_pb_text content_tablet= \"<\/p>\n<h1 style=\"%22text-align:\" center;%22>range <span>Dynamic 200<\/span><\/h1>\n<p>\u00a0\" content_phone= \"<\/p>\n<h1 style=\"%22text-align:\" center;%22>range <span>Dynamic 200<\/span><\/h1>\n<p>\u00a0\" content_last_edited=\"on|tablet \" _builder_version=\"4.24.2\u2033 _module_preset=\"default \" header_font=\"Yantramanav|||||||| \" header_font_size=\"40px \" header_letter_spacing=\"2px \" header_3_font=\"Yantramanav|||||||| \" header_3_font_size=\"40px \" header_3_letter_spacing=\"2px \" custom_margin=\"||7px||false|false \"header_font_size_tablet=\"40px \" header_font_size_phone=\"30px \" header_font_size_last_edited=\"on|phone \" header_3_font_size_tablet=\"30px \" header_3_font_size_phone=\"30px \" header_3_font_size_last_edited=\"on|phone \" global_colors_info=\"{}\"]<\/p>\n<h1 style=\"text-align: center;\">range <span>Dynamic 200 <\/span><\/h1>\n<h1 style=\"text-align: center;\"><span>Open heart<\/span><\/h1>\n<p>[\/et_pb_text][et_pb_text _builder_version=\"4.24.2\u2033 _module_preset=\"default \" text_font=\"Poppins|300||||||| \" text_text_color=\"#000000\u2033 text_font_size=\"17px \" text_orientation=\"center \" width=\"40% \" width_tablet=\"76% \" width_phone=\"100% \" width_last_edited=\"on|phone \" module_alignment=\"center \" global_colors_info=\"{}\"]<\/p>\n<p>This collection embodies accessible and enduring luxury. Ideal for a variety of occasions, the Dynamique Coeur ouvert is a perfect choice for lovers of automatic watches who want to combine functionality with style.<\/p>\n<p>[\/et_pb_text][\/et_pb_column][\/et_pb_row][\/et_pb_section][et_pb_section fb_built=\"1\u2033 _builder_version=\"4.22.2\u2033 _module_preset=\"default \" global_colors_info=\"{} \"][et_pb_row column_structure=\"1_4,1_4,1_4,1_4\u2033 _builder_version=\"4.22.2\u2033 _module_preset=\"default \" animation_style=\"fade \" global_colors_info=\"{} \"][et_pb_column type=\"1_4\u2033 _builder_version=\"4.22.2\u2033 _module_preset=\"default \" global_colors_info=\"{} \"][et_pb_image src= \"https:\/\/passation.ch\/wp-content\/uploads\/2024\/04\/DCOAN001CN-Montre-200M-Automatique-1.png \" title_text=\"DCOAN001CN 200M Automatic Watch (1) \" url=\"https:\/\/passation.ch\/dynamique-200-coeur-ouvert-argent-noir-cuir-noir-docan001cn\/\" _builder_version=\"4.27.4\u2033 _module_preset=\"default \" custom_margin=\"||17px||| \" hover_enabled=\"0\u2033 border_color_all=\"#D52B1E \" global_colors_info=\"{} \" border_width_all__hover=\"3px \" border_width_all__hover_enabled=\"on|hover \" transform_styles__hover_enabled=\"on|hover \" transform_scale__hover_enabled= \"on|hover \" transform_translate__hover_enabled=\"on|hover \" transform_rotate__hover_enabled=\"on|hover \" transform_skew__hover_enabled=\"on|hover \" transform_origin__hover_enabled=\"on|hover \" border_radii__hover_enabled=\"on|hover \" sticky_enabled=\"0\u2033][\/et_pb_image][et_pb_text content_tablet= \"<\/p>\n<p>Silver\/black\/black leather<br \/><strong>DOCAN001CN<\/strong><\/p>\n<p>\u00a0\" content_phone= \"<\/p>\n<p style=\"%22text-align:\" center;%22>Silver\/black\/black leather<br \/><strong>DOCAN001CN<\/strong><\/p>\n<p>\u00a0\" content_last_edited=\"on|phone \" _builder_version=\"4.27.4\u2033 _module_preset=\"default \" text_font=\"Poppins|300||||||| \" text_text_color=\"#000000\u2033 text_font_size=\"17px \" hover_enabled=\"0\u2033 locked=\"off \" global_colors_info=\"{} \" sticky_enabled=\"0\u2033]<\/p>\n<p>Silver\/black\/black leather<br \/><strong>A-DYCO200M15<\/strong><\/p>\n<p>[\/et_pb_text][\/et_pb_column][et_pb_column type=\"1_4\u2033 _builder_version=\"4.22.2\u2033 _module_preset=\"default \" global_colors_info=\"{} \"][et_pb_image src= \"https:\/\/passation.ch\/wp-content\/uploads\/2024\/04\/DCON002MA-Montre-200M-Automatique-1.png \" title_text=\"DCON002MA 200M Automatic Watch (1) \" url=\"https:\/\/passation.ch\/dynamique-200-coeur-ouvert-argent-noir-metal-argent-docan002ma\/ \" _builder_version=\"4.24.2\u2033 _module_preset=\"default \" custom_margin=\"||17px||| \" border_color_all=\"#D52B1E \" global_colors_info=\"{} \" border_width_all__hover=\"3px \" border_width_all__hover_enabled=\"on|hover \" transform_styles__hover_enabled=\"on|hover \" transform_scale__hover_enabled= \"on|hover \" transform_translate__hover_enabled=\"on|hover \" transform_rotate__hover_enabled=\"on|hover \" transform_skew__hover_enabled=\"on|hover \" transform_origin__hover_enabled=\"on|hover \" border_radii__hover_enabled=\"on|hover \"][\/et_pb_image][et_pb_text content_tablet= \"<\/p>\n<p>Silver\/Black\/Metal Silver<br \/><strong>DOCAN002MA<\/strong><\/p>\n<p>\u00a0\" content_phone= \"<\/p>\n<p style=\"%22text-align:\" center;%22>Silver\/Black\/Metal Silver<br \/><strong>DOCAN002MA<\/strong><\/p>\n<p>\u00a0\" content_last_edited=\"on|phone \" _builder_version=\"4.27.4\u2033 _module_preset=\"default \" text_font=\"Poppins|300||||||| \" text_text_color=\"#000000\u2033 text_font_size=\"17px \" locked=\"off \" global_colors_info=\"{}\"]<\/p>\n<p>Silver\/Black\/Metal Silver<br \/><strong>A-DYCO200M11<\/strong><\/p>\n<p>[\/et_pb_text][\/et_pb_column][et_pb_column type=\"1_4\u2033 _builder_version=\"4.22.2\u2033 _module_preset=\"default \" global_colors_info=\"{} \"][et_pb_image src= \"https:\/\/passation.ch\/wp-content\/uploads\/2024\/04\/DCOAB003MA-Montre-200M-Automatique-1.png \" title_text=\"DCOAB003MA 200M Automatic Watch (1) \" url=\"https:\/\/passation.ch\/dynamique-200-coeur-ouvert-argent-bleu-metal-argent-docab003ma\/ \" _builder_version=\"4.24.2\u2033 _module_preset=\"default \" custom_margin=\"||17px||| \" border_color_all=\"#D52B1E \" global_colors_info=\"{} \" border_width_all__hover=\"3px \" border_width_all__hover_enabled=\"on|hover \" transform_styles__hover_enabled=\"on|hover \" transform_scale__hover_enabled= \"on|hover \" transform_translate__hover_enabled=\"on|hover \" transform_rotate__hover_enabled=\"on|hover \" transform_skew__hover_enabled=\"on|hover \" transform_origin__hover_enabled=\"on|hover \" border_radii__hover_enabled=\"on|hover \"][\/et_pb_image][et_pb_text content_tablet= \"<\/p>\n<p>Silver\/Blue\/Metal Silver<br \/><strong>DOCAB003MA<\/strong><\/p>\n<p>\u00a0\" content_phone= \"<\/p>\n<p style=\"%22text-align:\" center;%22>Silver\/Blue\/Metal Silver<br \/><strong>DOCAB003MA<\/strong><\/p>\n<p>\u00a0\" content_last_edited=\"on|phone \" _builder_version=\"4.27.4\u2033 _module_preset=\"default \" text_font=\"Poppins|300||||||| \" text_text_color=\"#000000\u2033 text_font_size=\"17px \" locked=\"off \" global_colors_info=\"{}\"]<\/p>\n<p>Silver\/Blue\/Metal Silver<br \/><strong>A-DYCO200M12<\/strong><\/p>\n<p>[\/et_pb_text][\/et_pb_column][et_pb_column type=\"1_4\u2033 _builder_version=\"4.22.2\u2033 _module_preset=\"default \" global_colors_info=\"{} \"][et_pb_image src= \"https:\/\/passation.ch\/wp-content\/uploads\/2024\/04\/DCODN004MD-Montre-200M-Automatique-1.png \" title_text=\"DCODN004MD 200M Automatic Watch (1) \" url=\"https:\/\/passation.ch\/dynamique-200-coeur-ouvert-argent-vert-metal-argent-et-dore-docav004ma\/ \" _builder_version=\"4.24.2\u2033 _module_preset=\"default \" custom_margin=\"||17px||| \" border_color_all=\"#D52B1E \" global_colors_info=\"{} \" border_width_all__hover=\"3px \" border_width_all__hover_enabled=\"on|hover \" transform_styles__hover_enabled=\"on|hover \" transform_scale__hover_enabled= \"on|hover \" transform_translate__hover_enabled=\"on|hover \" transform_rotate__hover_enabled=\"on|hover \" transform_skew__hover_enabled=\"on|hover \" transform_origin__hover_enabled=\"on|hover \" border_radii__hover_enabled=\"on|hover \"][\/et_pb_image][et_pb_text content_tablet= \"<\/p>\n<p>Silver and Gold\/Green\/Metal Silver and Gold<br \/><strong>DOCAV004MA<\/strong><\/p>\n<p>\u00a0\" content_phone= \"<\/p>\n<p style=\"%22text-align:\" center;%22>Silver and Gold\/Green\/Metal Silver and Gold<br \/><strong>DOCAV004MA<\/strong><\/p>\n<p>\u00a0\" content_last_edited=\"on|phone \" _builder_version=\"4.27.4\u2033 _module_preset=\"default \" text_font=\"Poppins|300||||||| \" text_text_color=\"#000000\u2033 text_font_size=\"17px \" locked=\"off \" global_colors_info=\"{}\"]<\/p>\n<p>Silver and Gold\/Green\/Metal Silver and Gold<br \/><strong>A-DYCO200M13<\/strong><\/p>\n<p>[\/et_pb_text][\/et_pb_column][\/et_pb_row][et_pb_row column_structure=\"1_4,1_4,1_4,1_4\u2033 _builder_version=\"4.24.2\u2033 _module_preset=\"default \" animation_style=\"fade \" global_colors_info=\"{}\"][et_pb_column type=\"1_4\u2033 _builder_version=\"4.22.2\u2033 _module_preset=\"default \" global_colors_info=\"{} \"][et_pb_image src= \"https:\/\/passation.ch\/wp-content\/uploads\/2024\/04\/DCODN005MD-Montre-200M-Automatique-1.png \" title_text=\"DCODN005MD 200M Automatic Watch (1) \" url=\"https:\/\/passation.ch\/dynamique-200-coeur-ouvert-dore-noir-metal-dore-dcodn005md\/ \" _builder_version=\"4.24.2\u2033 _module_preset=\"default \" custom_margin=\"||17px||| \" border_color_all=\"#D52B1E \" global_colors_info=\"{} \" border_width_all__hover=\"3px \" border_width_all__hover_enabled=\"on|hover \" transform_styles__hover_enabled=\"on|hover \" transform_scale__hover_enabled= \"on|hover \" transform_translate__hover_enabled=\"on|hover \" transform_rotate__hover_enabled=\"on|hover \" transform_skew__hover_enabled=\"on|hover \" transform_origin__hover_enabled=\"on|hover \" border_radii__hover_enabled=\"on|hover \"][\/et_pb_image][et_pb_text content_tablet= \"<\/p>\n<p>PVD Gold\/Black\/Metal PVD Gold<br \/><strong>DOCDN005MD<\/strong><\/p>\n<p>\u00a0\" content_phone= \"<\/p>\n<p style=\"%22text-align:\" center;%22>PVD Gold\/Black\/Metal PVD Gold<br \/><strong>DOCDN005MD<\/strong><\/p>\n<p>\u00a0\" content_last_edited=\"on|phone \" _builder_version=\"4.27.4\u2033 _module_preset=\"default \" text_font=\"Poppins|300||||||| \" text_text_color=\"#000000\u2033 text_font_size=\"17px \" locked=\"off \" global_colors_info=\"{}\"]<\/p>\n<p>PVD Gold\/Black\/Metal PVD Gold<br \/><strong>A-DYCO200M14<\/strong><\/p>\n<p>[\/et_pb_text][\/et_pb_column][et_pb_column type=\"1_4\u2033 _builder_version=\"4.22.2\u2033 _module_preset=\"default \" global_colors_info=\"{} \"][\/et_pb_column][et_pb_column type=\"1_4\u2033 _builder_version=\"4.22.2\u2033 _module_preset=\"default \" global_colors_info=\"{} \"][\/et_pb_column][et_pb_column type=\"1_4\u2033 _builder_version=\"4.22.2\u2033 _module_preset=\"default \" global_colors_info=\"{} \"][\/et_pb_column][\/et_pb_row][\/et_pb_section][et_pb_section fb_built=\"1\u2033 _builder_version=\"4.22.2\u2033 _module_preset=\"default \" background_color=\"#000000\u2033 custom_padding=\"27px||27px||true| \" locked=\"off \" global_colors_info=\"{} \"][et_pb_row _builder_version=\"4.22.2\u2033 _module_preset=\"default \" global_colors_info=\"{} \"][et_pb_column type=\"4_4\u2033 _builder_version=\"4.22.2\u2033 _module_preset=\"default \" global_colors_info=\"{} \"][et_pb_text _builder_version=\"4.24.2\u2033 _module_preset=\"default \" text_font=\"Poppins||on|||||| \" text_text_color=\"#FFFFFF \" text_font_size=\"20px \" text_line_height=\"1.8em \" global_colors_info=\"{} \"]<\/p>\n<blockquote>\n<p><span>The quintessence of the Dynamique 200 watch lies in its perfect harmony between innovation and tradition.<\/span><\/p>\n<\/blockquote>\n<p>[\/et_pb_text][\/et_pb_column][\/et_pb_row][\/et_pb_section][et_pb_section fb_built=\"1\u2033 _builder_version=\"4.22.2\u2033 _module_preset=\"default \" locked=\"off \" global_colors_info=\"{} \"][et_pb_row _builder_version=\"4.22.2\u2033 _module_preset=\"default \" global_colors_info=\"{} \"][et_pb_column type=\"4_4\u2033 _builder_version=\"4.22.2\u2033 _module_preset=\"default \" global_colors_info=\"{} \"][et_pb_text content_tablet= \"<\/p>\n<h2 style=\"%22text-align:\" center;%22><strong>Dynamique 200: at the heart of Swiss precision<\/strong><\/h2>\n<p>\u00a0\" content_phone= \"<\/p>\n<h2 style=\"%22text-align:\" center;%22><strong>Dynamique 200: at the heart of Swiss precision<\/strong><\/h2>\n<p>\u00a0\" content_last_edited=\"on|phone \" _builder_version=\"4.24.2\u2033 _module_preset=\"default \" header_2_font=\"Yantramanav|||||||| \" header_2_font_size=\"40px \" header_2_letter_spacing=\"2px \" header_3_font=\"Yantramanav|||||||| \" header_3_font_size=\"40px \" header_3_letter_spacing= \"2px \" custom_margin=\"||32px||false|false \" header_3_font_size_tablet= \" \" header_3_font_size_phone=\"30px \" header_3_font_size_last_edited=\"on|phone \" locked=\"off \" global_colors_info=\"{}\"]<\/p>\n<h2 style=\"text-align: center;\"><strong>Dynamic 200 Open Heart: The dynamic range, with a view of the <span style=\"color: #d52b1e;\">mechanism!<\/span><\/strong><\/h2>\n<p>[\/et_pb_text][et_pb_text _builder_version=\"4.24.2\u2033 _module_preset=\"default \" text_font=\"Poppins|300||||||| \" text_text_color=\"#000000\u2033 text_font_size=\"16px \" locked=\"off \" global_colors_info=\"{}\"]<\/p>\n<p><span>Immerse yourself in the world of precision with the Dynamique 200 Coeur ouvert watch, a symbol of Swiss watchmaking craftsmanship. Each piece is meticulously assembled in our workshop, guaranteeing not only the authenticity of the Swiss Made label, but also uncompromising performance. <\/span><\/p>\n<p><span>The watch has a robust stainless steel case measuring 42 mm in diameter and 13.35 mm thick, under a sapphire crystal designed for durability. It is perfectly equipped to withstand water up to 200 metres, thanks to its screw-down crown and sapphire bezel that is both luminous, rotating and domed, combining functionality with sophisticated aesthetics. <\/span><\/p>\n<p><span>Powered by a Sellita Automatique Cal. SW200 mechanical movement, the watch features three hands and a date indicator, offering exemplary reliability. With a 2-year international warranty, each watch promises its wearer peace of mind and longevity. Ideal for the modern man, the Dynamique 200 Open Heart offers a variety of material and colour combinations, allowing everyone to choose the model that enhances their individual style. Explore this versatile collection and select your ally of choice for every occasion.<\/span><span><a href=\"https:\/\/passation.ch\/en\/montre-marque-blanche\/\"><\/a><\/span><\/p>\n<p>[\/et_pb_text][\/et_pb_column][\/et_pb_row][\/et_pb_section]<\/p>","protected":false},"excerpt":{"rendered":"<p>Dynamique 200 Open Heart CollectionThis collection embodies accessible and enduring luxury. Ideal for a variety of occasions, the Dynamique Open Heart is a perfect choice for automatic watch lovers who want to combine functionality with style.Silver\/Black\/Black LeatherA-DYCO200M15Silver\/Black\/Metal SilverA-DYCO200M11Silver\/Blue\/Metal SilverA-DYCO200M12Silver and Gold\/Green\/Metal Silver and GoldA-DYCO200M13PVD Gold\/Black\/Metal PVD GoldA-DYCO200M14 The quintessence of the Dynamique 200 watch lies in its perfect harmony of innovation and tradition. Dynamique 200 Coeur ouvert: the dynamic range, with a view of the mechanismDive into the world of precision with the Dynamique 200 Coeur ouvert watch, a symbol of Swiss watchmaking craftsmanship. Each piece is meticulously assembled in our workshop, guaranteeing not only the authenticity of the Swiss Made label, but also uncompromising performance. The watch has a robust stainless steel case measuring 42 mm in diameter and 13.35 mm thick, under a sapphire crystal designed for durability. It is perfectly equipped to withstand water up to 200 metres, thanks to its screw-down crown and sapphire bezel that is both luminous, rotating and domed, combining functionality with sophisticated aesthetics. Powered by a Sellita Automatique Cal. SW200 mechanical movement, the watch is fitted with three hands and a date indicator, offering [...]<\/p>","protected":false},"author":1,"featured_media":0,"parent":0,"menu_order":0,"comment_status":"closed","ping_status":"closed","template":"","meta":{"_et_pb_use_builder":"on","_et_pb_old_content":"","_et_gb_content_width":"","inline_featured_image":false,"_joinchat":[],"footnotes":""},"class_list":["post-252636","page","type-page","status-publish","hentry"],"yoast_head":"<!-- This site is optimized with the Yoast SEO plugin v27.4 - https:\/\/yoast.com\/product\/yoast-seo-wordpress\/ -->\n<title>Gamme Dynamique 200 Coeur ouvert - Passation<\/title>\n<meta name=\"description\" content=\"Plongez dans la gamme personnalisable Dynamique 200 C\u0153ur ouvert : des montres qui r\u00e9v\u00e8lent la beaut\u00e9 de leur m\u00e9canisme interne !\" \/>\n<meta name=\"robots\" content=\"index, follow, max-snippet:-1, max-image-preview:large, max-video-preview:-1\" \/>\n<link rel=\"canonical\" href=\"https:\/\/passation.ch\/en\/gamme-dynamique-200-coeur-ouvert\/\" \/>\n<meta property=\"og:locale\" content=\"en_GB\" \/>\n<meta property=\"og:type\" content=\"article\" \/>\n<meta property=\"og:title\" content=\"Gamme Dynamique 200 Coeur ouvert - Passation\" \/>\n<meta property=\"og:description\" content=\"Plongez dans la gamme personnalisable Dynamique 200 C\u0153ur ouvert : des montres qui r\u00e9v\u00e8lent la beaut\u00e9 de leur m\u00e9canisme interne !\" \/>\n<meta property=\"og:url\" content=\"https:\/\/passation.ch\/en\/gamme-dynamique-200-coeur-ouvert\/\" \/>\n<meta property=\"og:site_name\" content=\"Passation\" \/>\n<meta property=\"article:modified_time\" content=\"2024-12-01T16:40:03+00:00\" \/>\n<meta name=\"twitter:card\" content=\"summary_large_image\" \/>\n<script type=\"application\/ld+json\" class=\"yoast-schema-graph\">{\"@context\":\"https:\\\/\\\/schema.org\",\"@graph\":[{\"@type\":\"WebPage\",\"@id\":\"https:\\\/\\\/passation.ch\\\/gamme-dynamique-200-coeur-ouvert\\\/\",\"url\":\"https:\\\/\\\/passation.ch\\\/gamme-dynamique-200-coeur-ouvert\\\/\",\"name\":\"Gamme Dynamique 200 Coeur ouvert - Passation\",\"isPartOf\":{\"@id\":\"https:\\\/\\\/passation.ch\\\/#website\"},\"datePublished\":\"2024-04-17T01:34:09+00:00\",\"dateModified\":\"2024-12-01T16:40:03+00:00\",\"description\":\"Plongez dans la gamme personnalisable Dynamique 200 C\u0153ur ouvert : des montres qui r\u00e9v\u00e8lent la beaut\u00e9 de leur m\u00e9canisme interne !\",\"breadcrumb\":{\"@id\":\"https:\\\/\\\/passation.ch\\\/gamme-dynamique-200-coeur-ouvert\\\/#breadcrumb\"},\"inLanguage\":\"en-GB\",\"potentialAction\":[{\"@type\":\"ReadAction\",\"target\":[\"https:\\\/\\\/passation.ch\\\/gamme-dynamique-200-coeur-ouvert\\\/\"]}]},{\"@type\":\"BreadcrumbList\",\"@id\":\"https:\\\/\\\/passation.ch\\\/gamme-dynamique-200-coeur-ouvert\\\/#breadcrumb\",\"itemListElement\":[{\"@type\":\"ListItem\",\"position\":1,\"name\":\"Accueil\",\"item\":\"https:\\\/\\\/passation.ch\\\/\"},{\"@type\":\"ListItem\",\"position\":2,\"name\":\"Gamme Dynamique 200 Coeur ouvert\"}]},{\"@type\":\"WebSite\",\"@id\":\"https:\\\/\\\/passation.ch\\\/#website\",\"url\":\"https:\\\/\\\/passation.ch\\\/\",\"name\":\"Passation\",\"description\":\"Montre de famille sur mesure\",\"potentialAction\":[{\"@type\":\"SearchAction\",\"target\":{\"@type\":\"EntryPoint\",\"urlTemplate\":\"https:\\\/\\\/passation.ch\\\/?s={search_term_string}\"},\"query-input\":{\"@type\":\"PropertyValueSpecification\",\"valueRequired\":true,\"valueName\":\"search_term_string\"}}],\"inLanguage\":\"en-GB\"}]}<\/script>\n<!-- \/ Yoast SEO plugin. -->","yoast_head_json":{"title":"Gamme Dynamique 200 Coeur ouvert - Passation","description":"Plongez dans la gamme personnalisable Dynamique 200 C\u0153ur ouvert : des montres qui r\u00e9v\u00e8lent la beaut\u00e9 de leur m\u00e9canisme interne !","robots":{"index":"index","follow":"follow","max-snippet":"max-snippet:-1","max-image-preview":"max-image-preview:large","max-video-preview":"max-video-preview:-1"},"canonical":"https:\/\/passation.ch\/en\/gamme-dynamique-200-coeur-ouvert\/","og_locale":"en_GB","og_type":"article","og_title":"Gamme Dynamique 200 Coeur ouvert - Passation","og_description":"Plongez dans la gamme personnalisable Dynamique 200 C\u0153ur ouvert : des montres qui r\u00e9v\u00e8lent la beaut\u00e9 de leur m\u00e9canisme interne !","og_url":"https:\/\/passation.ch\/en\/gamme-dynamique-200-coeur-ouvert\/","og_site_name":"Passation","article_modified_time":"2024-12-01T16:40:03+00:00","twitter_card":"summary_large_image","schema":{"@context":"https:\/\/schema.org","@graph":[{"@type":"WebPage","@id":"https:\/\/passation.ch\/gamme-dynamique-200-coeur-ouvert\/","url":"https:\/\/passation.ch\/gamme-dynamique-200-coeur-ouvert\/","name":"Gamme Dynamique 200 Coeur ouvert - Passation","isPartOf":{"@id":"https:\/\/passation.ch\/#website"},"datePublished":"2024-04-17T01:34:09+00:00","dateModified":"2024-12-01T16:40:03+00:00","description":"Plongez dans la gamme personnalisable Dynamique 200 C\u0153ur ouvert : des montres qui r\u00e9v\u00e8lent la beaut\u00e9 de leur m\u00e9canisme interne !","breadcrumb":{"@id":"https:\/\/passation.ch\/gamme-dynamique-200-coeur-ouvert\/#breadcrumb"},"inLanguage":"en-GB","potentialAction":[{"@type":"ReadAction","target":["https:\/\/passation.ch\/gamme-dynamique-200-coeur-ouvert\/"]}]},{"@type":"BreadcrumbList","@id":"https:\/\/passation.ch\/gamme-dynamique-200-coeur-ouvert\/#breadcrumb","itemListElement":[{"@type":"ListItem","position":1,"name":"Accueil","item":"https:\/\/passation.ch\/"},{"@type":"ListItem","position":2,"name":"Gamme Dynamique 200 Coeur ouvert"}]},{"@type":"WebSite","@id":"https:\/\/passation.ch\/#website","url":"https:\/\/passation.ch\/","name":"Transfer","description":"Made-to-measure family watch","potentialAction":[{"@type":"SearchAction","target":{"@type":"EntryPoint","urlTemplate":"https:\/\/passation.ch\/?s={search_term_string}"},"query-input":{"@type":"PropertyValueSpecification","valueRequired":true,"valueName":"search_term_string"}}],"inLanguage":"en-GB"}]}},"_links":{"self":[{"href":"https:\/\/passation.ch\/en\/wp-json\/wp\/v2\/pages\/252636","targetHints":{"allow":["GET"]}}],"collection":[{"href":"https:\/\/passation.ch\/en\/wp-json\/wp\/v2\/pages"}],"about":[{"href":"https:\/\/passation.ch\/en\/wp-json\/wp\/v2\/types\/page"}],"author":[{"embeddable":true,"href":"https:\/\/passation.ch\/en\/wp-json\/wp\/v2\/users\/1"}],"replies":[{"embeddable":true,"href":"https:\/\/passation.ch\/en\/wp-json\/wp\/v2\/comments?post=252636"}],"version-history":[{"count":6,"href":"https:\/\/passation.ch\/en\/wp-json\/wp\/v2\/pages\/252636\/revisions"}],"predecessor-version":[{"id":252898,"href":"https:\/\/passation.ch\/en\/wp-json\/wp\/v2\/pages\/252636\/revisions\/252898"}],"wp:attachment":[{"href":"https:\/\/passation.ch\/en\/wp-json\/wp\/v2\/media?parent=252636"}],"curies":[{"name":"wp","href":"https:\/\/api.w.org\/{rel}","templated":true}]}}