{"id":251814,"date":"2023-10-19T23:44:41","date_gmt":"2023-10-19T21:44:41","guid":{"rendered":"https:\/\/www.weebweeb.com\/demo7\/?page_id=251814"},"modified":"2023-12-05T15:18:08","modified_gmt":"2023-12-05T14:18:08","slug":"contact","status":"publish","type":"page","link":"https:\/\/passation.ch\/en\/contact\/","title":{"rendered":"Contact"},"content":{"rendered":"[et_pb_section fb_built=\"1\u2033 disabled_on=\"off|off|off \" _builder_version=\"4.22.2\u2033 _module_preset=\"default \" background_color=\"#f9f9f9\u2033 background_enable_pattern_style=\"on \" background_pattern_style=\"squares \" background_pattern_color=\"rgba(0,0,0.05) \" custom_padding=\"69px||69px||true| \" locked=\"off \" global_colors_info=\"{} \"][et_pb_row _builder_version=\"4.16\u2033 _module_preset=\"default \" locked=\"off \" global_colors_info=\"{} \"][et_pb_column type=\"4_4\u2033 _builder_version=\"4.16\u2033 _module_preset=\"default \" global_colors_info=\"{} \"][et_pb_image src= \"https:\/\/passation.ch\/wp-content\/uploads\/2023\/10\/Design-sans-titre-10.svg \" title_text=\"Design sans titre (10) \" align=\"center \" _builder_version=\"4.22.2\u2033 _module_preset=\"default \" custom_margin=\"||13px||| \" global_colors_info=\"{} \"][\/et_pb_image][et_pb_text _builder_version=\"4.22.2\u2033 _module_preset=\"default \" header_3_font=\"Yantramanav|||||||| \" header_3_font_size=\"40px \" header_3_letter_spacing=\"2px \" custom_margin= \"||7px||false|false \" header_3_font_size_tablet= \" \" header_3_font_size_phone= \"30px \" header_3_font_size_last_edited=\"on|phone \" global_colors_info=\"{} \"]<h3 style=\"text-align: center;\">Contact us<\/h3>[\/et_pb_text][et_pb_text _builder_version=\"4.22.2\u2033 _module_preset=\"default \" text_font=\"Poppins|300||||||| \" text_text_color=\"#000000\u2033 text_font_size=\"17px \" text_orientation=\"center \" width=\"40% \" width_tablet=\"76% \" width_phone=\"100% \" width_last_edited=\"on|phone \" module_alignment=\"center \" global_colors_info=\"{}\"]<p>Do you have a question about one of our models or a personalisation option? Need a quote for a specific quantity? Create your <a href=\"https:\/\/passation.ch\/en\/\" target=\"_blank\" rel=\"noopener\">bespoke family watches<\/a>.<\/p>[\/et_pb_text][\/et_pb_column][\/et_pb_row][\/et_pb_section][et_pb_section fb_built=\"1\u2033 _builder_version=\"4.22.2\u2033 _module_preset=\"default \" custom_padding=\"70px||||| \" global_colors_info=\"{} \"][et_pb_row column_structure=\"1_3,1_3,1_3\u2033 disabled_on=\"on|on|off \" _builder_version=\"4.22.2\u2033 _module_preset=\"default \" custom_margin=\"|auto|51px|auto|| \" global_colors_info=\"{} \"][et_pb_column type=\"1_3\u2033 _builder_version=\"4.22.2\u2033 _module_preset=\"default \" global_colors_info=\"{} \"][et_pb_image src= \"https:\/\/passation.ch\/wp-content\/uploads\/2023\/10\/Design-sans-titre-9.svg \" title_text=\"Design sans titre (9) \" align=\"center \" _builder_version=\"4.22.2\u2033 _module_preset=\"default \" width=\"25% \" max_width=\"25% \" custom_margin=\"||19px||| \" global_colors_info=\"{} \"][\/et_pb_image][et_pb_text _builder_version=\"4.22.2\u2033 _module_preset=\"default \" text_font=\"Poppins|||||||| \" text_text_color=\"#000000\u2033 text_font_size=\"17px \" global_colors_info=\"{} \"]<p style=\"text-align: center;\">Made in Switzerland<\/p>[\/et_pb_text][\/et_pb_column][et_pb_column type=\"1_3\u2033 _builder_version=\"4.22.2\u2033 _module_preset=\"default \" global_colors_info=\"{} \"][et_pb_image src= \"https:\/\/passation.ch\/wp-content\/uploads\/2023\/10\/Design-sans-titre-9.svg \" title_text=\"Design sans titre (9) \" align=\"center \" _builder_version=\"4.22.2\u2033 _module_preset=\"default \" width=\"25% \" max_width=\"25% \" custom_margin=\"||19px||| \" global_colors_info=\"{} \"][\/et_pb_image][et_pb_text _builder_version=\"4.22.2\u2033 _module_preset=\"default \" text_font=\"Poppins|||||||| \" text_text_color=\"#000000\u2033 text_font_size=\"17px \" global_colors_info=\"{} \"]<p style=\"text-align: center;\">Free delivery<\/p>[\/et_pb_text][\/et_pb_column][et_pb_column type=\"1_3\u2033 _builder_version=\"4.22.2\u2033 _module_preset=\"default \" global_colors_info=\"{} \"][et_pb_image src= \"https:\/\/passation.ch\/wp-content\/uploads\/2023\/10\/Design-sans-titre-9.svg \" title_text=\"Design sans titre (9) \" align=\"center \" _builder_version=\"4.22.2\u2033 _module_preset=\"default \" width=\"25% \" max_width=\"25% \" custom_margin=\"||19px||| \" global_colors_info=\"{} \"][\/et_pb_image][et_pb_text _builder_version=\"4.22.2\u2033 _module_preset=\"default \" text_font=\"Poppins|||||||| \" text_text_color=\"#000000\u2033 text_font_size=\"17px \" global_colors_info=\"{} \"]<p style=\"text-align: center;\">Secure payment<\/p>[et_pb_text][\/et_pb_column][\/et_pb_row][et_pb_row column_structure=\"1_3,2_3\u2033 _builder_version=\"4.22.2\u2033 _module_preset=\"default \" global_colors_info=\"{} \"][et_pb_column type=\"1_3\u2033 _builder_version=\"4.22.2\u2033 _module_preset=\"default \" global_colors_info=\"{} \"][dsm_card title= \"Service client \" badge_text=\"Badget Text \" button_url_new_window=\"1\u2033 _builder_version=\"4.22.2\u2033 _module_preset=\"default \" header_font=\"Yantramanav|700||||||| \" header_text_color=\"#000000\u2033 header_font_size=\"25px \" header_letter_spacing=\"2px \" body_font=\"Poppins|300||||||| \" body_text_color=\"#000000\u2033 body_font_size=\"16px \" body_line_height=\"1.8em \" subhead_font=\"|||||||| \" background_color=\"#f9f9f9\u2033 global_colors_info=\"{}\"]<p>We are ready to assist you with any enquiries you may have.<\/p>[\/dsm_card][dsm_card badge_text=\"Badget Text \" button_url_new_window=\"1\u2033 _builder_version=\"4.22.2\u2033 _module_preset=\"default \" header_font=\"Yantramanav|700||||||| \" header_text_color=\"#000000\u2033 header_font_size=\"25px \" header_letter_spacing=\"2px \" body_font=\"Poppins|300||||||| \" body_text_color=\"#000000\u2033 body_font_size=\"16px \" body_line_height=\"1.8em \" subhead_font=\"|||||||| \" body_link_text_color=\"#000000\u2033 background_color=\"#f9f9f9\u2033 global_colors_info=\"{}\"]<p>06.89.20.81.20<\/p>\n<p>Monday to Friday 9am - 6pm<\/p>\n<p><a href=\"mailto:contact@passation.ch\">contact@passation.ch<\/a><\/p>\n<p><a href=\"mailto:direction@passation.ch\">direction@weebweeb.com<\/a><\/p>[\/dsm_card][\/et_pb_column][et_pb_column type=\u00a0\u00bb2_3&Prime; _builder_version=\u00a0\u00bb4.22.2&Prime; _module_preset=\u00a0\u00bbdefault\u00a0\u00bb global_colors_info=\u00a0\u00bb{}\u00a0\u00bb][et_pb_contact_form email=\u00a0\u00bbcontact@passation.ch\u00a0\u00bb _builder_version=\u00a0\u00bb4.22.2&Prime; _module_preset=\u00a0\u00bbdefault\u00a0\u00bb _unique_id=\u00a0\u00bb9ae595a9-c919-4d92-b25e-02521bf043a8&Prime; form_field_background_color=\u00a0\u00bbRGBA(255,255,255,0)\u00a0\u00bb form_field_text_color=\u00a0\u00bb#000000&Prime; captcha_font=\u00a0\u00bbPoppins||||||||\u00a0\u00bb form_field_font=\u00a0\u00bbPoppins||||||||\u00a0\u00bb custom_button=\u00a0\u00bbon\u00a0\u00bb button_text_size=\u00a0\u00bb17px\u00a0\u00bb button_text_color=\u00a0\u00bb#FFFFFF\u00a0\u00bb button_bg_color=\u00a0\u00bb#D52B1E\u00a0\u00bb button_border_width=\u00a0\u00bb0px\u00a0\u00bb button_border_radius=\u00a0\u00bb3px\u00a0\u00bb button_font=\u00a0\u00bbPoppins|300|||||||\u00a0\u00bb animation_style=\u00a0\u00bbfade\u00a0\u00bb hover_enabled=\u00a0\u00bb0&Prime; border_radii=\u00a0\u00bbon|5px|5px|5px|5px\u00a0\u00bb border_width_all=\u00a0\u00bb1px\u00a0\u00bb border_color_all=\u00a0\u00bbrgba(213,43,30,0.35)\u00a0\u00bb locked=\u00a0\u00bboff\u00a0\u00bb global_colors_info=\u00a0\u00bb{}\u00a0\u00bb sticky_enabled=\u00a0\u00bb0&Prime;][et_pb_contact_field field_id=\u00a0\u00bbMa_demande_porte_sur\u00a0\u00bb field_title=\u00a0\u00bbMa demande porte sur\u00a0\u00bb field_type=\u00a0\u00bbselect\u00a0\u00bb select_options=\u00a0\u00bb%91{%22value%22:%22Proposition de visuel%22,%22checked%22:0,%22dragID%22:-1},{%22value%22:%22Le processus%22,%22checked%22:0,%22dragID%22:0},{%22value%22:%22Sur une commande en cours%22,%22checked%22:0,%22dragID%22:9},{%22value%22:%22Sur une nouvelle commande%22,%22checked%22:0,%22dragID%22:10},{%22dragID%22:11,%22value%22:%22Sur la garantie%22,%22checked%22:0},{%22dragID%22:12,%22value%22:%22Sur un mod\u00e8le de montre%22,%22checked%22:0},{%22dragID%22:13,%22value%22:%22Autres%22,%22checked%22:0}%93&Prime; fullwidth_field=\u00a0\u00bbon\u00a0\u00bb _builder_version=\u00a0\u00bb4.22.2&Prime; _module_preset=\u00a0\u00bbdefault\u00a0\u00bb background_enable_pattern_style=\u00a0\u00bbon\u00a0\u00bb global_colors_info=\u00a0\u00bb{}\u00a0\u00bb][\/et_pb_contact_field][et_pb_contact_field field_id=\u00a0\u00bbMessage\u00a0\u00bb field_title=\u00a0\u00bbMessage\u00a0\u00bb field_type=\u00a0\u00bbtext\u00a0\u00bb fullwidth_field=\u00a0\u00bbon\u00a0\u00bb _builder_version=\u00a0\u00bb4.22.2&Prime; _module_preset=\u00a0\u00bbdefault\u00a0\u00bb global_colors_info=\u00a0\u00bb{}\u00a0\u00bb][\/et_pb_contact_field][et_pb_contact_field field_id=\u00a0\u00bbNom\u00a0\u00bb field_title=\u00a0\u00bbNom\u00a0\u00bb _builder_version=\u00a0\u00bb4.22.2&Prime; global_colors_info=\u00a0\u00bb{}\u00a0\u00bb button_text_size__hover_enabled=\u00a0\u00bboff\u00a0\u00bb button_one_text_size__hover_enabled=\u00a0\u00bboff\u00a0\u00bb button_two_text_size__hover_enabled=\u00a0\u00bboff\u00a0\u00bb button_text_color__hover_enabled=\u00a0\u00bboff\u00a0\u00bb button_one_text_color__hover_enabled=\u00a0\u00bboff\u00a0\u00bb button_two_text_color__hover_enabled=\u00a0\u00bboff\u00a0\u00bb button_border_width__hover_enabled=\u00a0\u00bboff\u00a0\u00bb button_one_border_width__hover_enabled=\u00a0\u00bboff\u00a0\u00bb button_two_border_width__hover_enabled=\u00a0\u00bboff\u00a0\u00bb button_border_color__hover_enabled=\u00a0\u00bboff\u00a0\u00bb button_one_border_color__hover_enabled=\u00a0\u00bboff\u00a0\u00bb button_two_border_color__hover_enabled=\u00a0\u00bboff\u00a0\u00bb button_border_radius__hover_enabled=\u00a0\u00bboff\u00a0\u00bb button_one_border_radius__hover_enabled=\u00a0\u00bboff\u00a0\u00bb button_two_border_radius__hover_enabled=\u00a0\u00bboff\u00a0\u00bb button_letter_spacing__hover_enabled=\u00a0\u00bboff\u00a0\u00bb button_one_letter_spacing__hover_enabled=\u00a0\u00bboff\u00a0\u00bb button_two_letter_spacing__hover_enabled=\u00a0\u00bboff\u00a0\u00bb button_bg_color__hover_enabled=\u00a0\u00bboff\u00a0\u00bb button_one_bg_color__hover_enabled=\u00a0\u00bboff\u00a0\u00bb button_two_bg_color__hover_enabled=\u00a0\u00bboff\u00a0\u00bb][\/et_pb_contact_field][et_pb_contact_field field_id=\u00a0\u00bbPr\u00e9nom\u00a0\u00bb field_title=\u00a0\u00bbPr\u00e9nom\u00a0\u00bb _builder_version=\u00a0\u00bb4.22.2&Prime; global_colors_info=\u00a0\u00bb{}\u00a0\u00bb button_text_size__hover_enabled=\u00a0\u00bboff\u00a0\u00bb button_one_text_size__hover_enabled=\u00a0\u00bboff\u00a0\u00bb button_two_text_size__hover_enabled=\u00a0\u00bboff\u00a0\u00bb button_text_color__hover_enabled=\u00a0\u00bboff\u00a0\u00bb button_one_text_color__hover_enabled=\u00a0\u00bboff\u00a0\u00bb button_two_text_color__hover_enabled=\u00a0\u00bboff\u00a0\u00bb button_border_width__hover_enabled=\u00a0\u00bboff\u00a0\u00bb button_one_border_width__hover_enabled=\u00a0\u00bboff\u00a0\u00bb button_two_border_width__hover_enabled=\u00a0\u00bboff\u00a0\u00bb button_border_color__hover_enabled=\u00a0\u00bboff\u00a0\u00bb button_one_border_color__hover_enabled=\u00a0\u00bboff\u00a0\u00bb button_two_border_color__hover_enabled=\u00a0\u00bboff\u00a0\u00bb button_border_radius__hover_enabled=\u00a0\u00bboff\u00a0\u00bb button_one_border_radius__hover_enabled=\u00a0\u00bboff\u00a0\u00bb button_two_border_radius__hover_enabled=\u00a0\u00bboff\u00a0\u00bb button_letter_spacing__hover_enabled=\u00a0\u00bboff\u00a0\u00bb button_one_letter_spacing__hover_enabled=\u00a0\u00bboff\u00a0\u00bb button_two_letter_spacing__hover_enabled=\u00a0\u00bboff\u00a0\u00bb button_bg_color__hover_enabled=\u00a0\u00bboff\u00a0\u00bb button_one_bg_color__hover_enabled=\u00a0\u00bboff\u00a0\u00bb button_two_bg_color__hover_enabled=\u00a0\u00bboff\u00a0\u00bb][\/et_pb_contact_field][et_pb_contact_field field_id=\u00a0\u00bbEmail\u00a0\u00bb field_title=\u00a0\u00bbAdresse e-mail\u00a0\u00bb field_type=\u00a0\u00bbemail\u00a0\u00bb _builder_version=\u00a0\u00bb4.16&Prime; global_colors_info=\u00a0\u00bb{}\u00a0\u00bb button_text_size__hover_enabled=\u00a0\u00bboff\u00a0\u00bb button_one_text_size__hover_enabled=\u00a0\u00bboff\u00a0\u00bb button_two_text_size__hover_enabled=\u00a0\u00bboff\u00a0\u00bb button_text_color__hover_enabled=\u00a0\u00bboff\u00a0\u00bb button_one_text_color__hover_enabled=\u00a0\u00bboff\u00a0\u00bb button_two_text_color__hover_enabled=\u00a0\u00bboff\u00a0\u00bb button_border_width__hover_enabled=\u00a0\u00bboff\u00a0\u00bb button_one_border_width__hover_enabled=\u00a0\u00bboff\u00a0\u00bb button_two_border_width__hover_enabled=\u00a0\u00bboff\u00a0\u00bb button_border_color__hover_enabled=\u00a0\u00bboff\u00a0\u00bb button_one_border_color__hover_enabled=\u00a0\u00bboff\u00a0\u00bb button_two_border_color__hover_enabled=\u00a0\u00bboff\u00a0\u00bb button_border_radius__hover_enabled=\u00a0\u00bboff\u00a0\u00bb button_one_border_radius__hover_enabled=\u00a0\u00bboff\u00a0\u00bb button_two_border_radius__hover_enabled=\u00a0\u00bboff\u00a0\u00bb button_letter_spacing__hover_enabled=\u00a0\u00bboff\u00a0\u00bb button_one_letter_spacing__hover_enabled=\u00a0\u00bboff\u00a0\u00bb button_two_letter_spacing__hover_enabled=\u00a0\u00bboff\u00a0\u00bb button_bg_color__hover_enabled=\u00a0\u00bboff\u00a0\u00bb button_one_bg_color__hover_enabled=\u00a0\u00bboff\u00a0\u00bb button_two_bg_color__hover_enabled=\u00a0\u00bboff\u00a0\u00bb][\/et_pb_contact_field][et_pb_contact_field field_id=\u00a0\u00bbT\u00e9l\u00e9phone\u00a0\u00bb field_title=\u00a0\u00bbT\u00e9l\u00e9phone\u00a0\u00bb _builder_version=\u00a0\u00bb4.22.2&Prime; _module_preset=\u00a0\u00bbdefault\u00a0\u00bb global_colors_info=\u00a0\u00bb{}\u00a0\u00bb][\/et_pb_contact_field][\/et_pb_contact_form][\/et_pb_column][\/et_pb_row][\/et_pb_section]","protected":false},"excerpt":{"rendered":"<p>Contact usDo you have a question about one of our models or a personalisation option? Need a quote for a specific quantity? Create your own made-to-measure family watches today.Made in SwitzerlandFree deliverySecure payment<div class=\"et_pb_module dsm_card dsm_card_0 et_pb_bg_layout_light  dsm_card_layout_stacked\">\n\t\t\t\t\n\t\t\t\t\n\t\t\t\t\n\t\t\t\t\n\t\t\t\t\n\t\t\t\t\n\t\t\t\t<div class=\"et_pb_module_inner\">\n\t\t\t\t\t\n\t\t\t\n\t\t\t\n\t\t\t<div class=\"et_pb_module dsm_card_wrapper et_pb_text_align_left\">\n\t\t\t\t\t\n\t\t\t\t\t<h4 class=\"dsm_card_title et_pb_module_header\">Customer service<\/h4>\n\t\t\t\t\t\n\t\t\t\t\t<div class=\"dsm_card_description\">We are ready to assist you with any enquiries you may have.<\/div>\n\t\t\t\t\t\n\t\t\t\t<\/div>\n\t\t\t\n\t\t\t\t<\/div>\n\t\t\t<\/div><div class=\"et_pb_module dsm_card dsm_card_1 et_pb_bg_layout_light  dsm_card_layout_stacked\">\n\t\t\t\t\n\t\t\t\t\n\t\t\t\t\n\t\t\t\t\n\t\t\t\t\n\t\t\t\t\n\t\t\t\t<div class=\"et_pb_module_inner\">\n\t\t\t\t\t\n\t\t\t\n\t\t\t\n\t\t\t<div class=\"et_pb_module dsm_card_wrapper et_pb_text_align_left\">\n\t\t\t\t\t\n\t\t\t\t\t\n\t\t\t\t\t\n\t\t\t\t\t<div class=\"dsm_card_description\">06.89.20.81.20 Monday to Friday 9am - 6pm contact@passation.ch direction@weebweeb.com<\/div>\n\t\t\t\t\t\n\t\t\t\t<\/div>\n\t\t\t\n\t\t\t\t<\/div>\n\t\t\t<\/div><\/p>","protected":false},"author":1,"featured_media":0,"parent":0,"menu_order":0,"comment_status":"closed","ping_status":"closed","template":"","meta":{"_et_pb_use_builder":"on","_et_pb_old_content":"","_et_gb_content_width":"","inline_featured_image":false,"_joinchat":[],"footnotes":""},"class_list":["post-251814","page","type-page","status-publish","hentry"],"yoast_head":"<!-- This site is optimized with the Yoast SEO plugin v27.4 - https:\/\/yoast.com\/product\/yoast-seo-wordpress\/ -->\n<title>Contacter votre expert en Montre de famille sur mesure - Passation<\/title>\n<meta name=\"description\" content=\"Besoin d&#039;informations ou de conseils sur nos montres ? Contactez-nous. Notre \u00e9quipe est \u00e0 votre \u00e9coute pour r\u00e9pondre \u00e0 toutes vos questions.\" \/>\n<meta name=\"robots\" content=\"index, follow, max-snippet:-1, max-image-preview:large, max-video-preview:-1\" \/>\n<link rel=\"canonical\" href=\"https:\/\/passation.ch\/en\/contact\/\" \/>\n<meta property=\"og:locale\" content=\"en_GB\" \/>\n<meta property=\"og:type\" content=\"article\" \/>\n<meta property=\"og:title\" content=\"Contacter votre expert en Montre de famille sur mesure - Passation\" \/>\n<meta property=\"og:description\" content=\"Besoin d&#039;informations ou de conseils sur nos montres ? Contactez-nous. Notre \u00e9quipe est \u00e0 votre \u00e9coute pour r\u00e9pondre \u00e0 toutes vos questions.\" \/>\n<meta property=\"og:url\" content=\"https:\/\/passation.ch\/en\/contact\/\" \/>\n<meta property=\"og:site_name\" content=\"Passation\" \/>\n<meta property=\"article:modified_time\" content=\"2023-12-05T14:18:08+00:00\" \/>\n<meta name=\"twitter:card\" content=\"summary_large_image\" \/>\n<meta name=\"twitter:label1\" content=\"Estimated reading time\" \/>\n\t<meta name=\"twitter:data1\" content=\"2 minutes\" \/>\n<script type=\"application\/ld+json\" class=\"yoast-schema-graph\">{\"@context\":\"https:\\\/\\\/schema.org\",\"@graph\":[{\"@type\":\"WebPage\",\"@id\":\"https:\\\/\\\/passation.ch\\\/contact\\\/\",\"url\":\"https:\\\/\\\/passation.ch\\\/contact\\\/\",\"name\":\"Contacter votre expert en Montre de famille sur mesure - Passation\",\"isPartOf\":{\"@id\":\"https:\\\/\\\/passation.ch\\\/#website\"},\"datePublished\":\"2023-10-19T21:44:41+00:00\",\"dateModified\":\"2023-12-05T14:18:08+00:00\",\"description\":\"Besoin d'informations ou de conseils sur nos montres ? Contactez-nous. Notre \u00e9quipe est \u00e0 votre \u00e9coute pour r\u00e9pondre \u00e0 toutes vos questions.\",\"breadcrumb\":{\"@id\":\"https:\\\/\\\/passation.ch\\\/contact\\\/#breadcrumb\"},\"inLanguage\":\"en-GB\",\"potentialAction\":[{\"@type\":\"ReadAction\",\"target\":[\"https:\\\/\\\/passation.ch\\\/contact\\\/\"]}]},{\"@type\":\"BreadcrumbList\",\"@id\":\"https:\\\/\\\/passation.ch\\\/contact\\\/#breadcrumb\",\"itemListElement\":[{\"@type\":\"ListItem\",\"position\":1,\"name\":\"Accueil\",\"item\":\"https:\\\/\\\/passation.ch\\\/\"},{\"@type\":\"ListItem\",\"position\":2,\"name\":\"Contact\"}]},{\"@type\":\"WebSite\",\"@id\":\"https:\\\/\\\/passation.ch\\\/#website\",\"url\":\"https:\\\/\\\/passation.ch\\\/\",\"name\":\"Passation\",\"description\":\"Montre de famille sur mesure\",\"potentialAction\":[{\"@type\":\"SearchAction\",\"target\":{\"@type\":\"EntryPoint\",\"urlTemplate\":\"https:\\\/\\\/passation.ch\\\/?s={search_term_string}\"},\"query-input\":{\"@type\":\"PropertyValueSpecification\",\"valueRequired\":true,\"valueName\":\"search_term_string\"}}],\"inLanguage\":\"en-GB\"}]}<\/script>\n<!-- \/ Yoast SEO plugin. -->","yoast_head_json":{"title":"Contacter votre expert en Montre de famille sur mesure - Passation","description":"Besoin d'informations ou de conseils sur nos montres ? Contactez-nous. Notre \u00e9quipe est \u00e0 votre \u00e9coute pour r\u00e9pondre \u00e0 toutes vos questions.","robots":{"index":"index","follow":"follow","max-snippet":"max-snippet:-1","max-image-preview":"max-image-preview:large","max-video-preview":"max-video-preview:-1"},"canonical":"https:\/\/passation.ch\/en\/contact\/","og_locale":"en_GB","og_type":"article","og_title":"Contacter votre expert en Montre de famille sur mesure - Passation","og_description":"Besoin d'informations ou de conseils sur nos montres ? Contactez-nous. Notre \u00e9quipe est \u00e0 votre \u00e9coute pour r\u00e9pondre \u00e0 toutes vos questions.","og_url":"https:\/\/passation.ch\/en\/contact\/","og_site_name":"Passation","article_modified_time":"2023-12-05T14:18:08+00:00","twitter_card":"summary_large_image","twitter_misc":{"Estimated reading time":"2 minutes"},"schema":{"@context":"https:\/\/schema.org","@graph":[{"@type":"WebPage","@id":"https:\/\/passation.ch\/contact\/","url":"https:\/\/passation.ch\/contact\/","name":"Contacter votre expert en Montre de famille sur mesure - Passation","isPartOf":{"@id":"https:\/\/passation.ch\/#website"},"datePublished":"2023-10-19T21:44:41+00:00","dateModified":"2023-12-05T14:18:08+00:00","description":"Besoin d'informations ou de conseils sur nos montres ? Contactez-nous. Notre \u00e9quipe est \u00e0 votre \u00e9coute pour r\u00e9pondre \u00e0 toutes vos questions.","breadcrumb":{"@id":"https:\/\/passation.ch\/contact\/#breadcrumb"},"inLanguage":"en-GB","potentialAction":[{"@type":"ReadAction","target":["https:\/\/passation.ch\/contact\/"]}]},{"@type":"BreadcrumbList","@id":"https:\/\/passation.ch\/contact\/#breadcrumb","itemListElement":[{"@type":"ListItem","position":1,"name":"Accueil","item":"https:\/\/passation.ch\/"},{"@type":"ListItem","position":2,"name":"Contact"}]},{"@type":"WebSite","@id":"https:\/\/passation.ch\/#website","url":"https:\/\/passation.ch\/","name":"Transfer","description":"Made-to-measure family watch","potentialAction":[{"@type":"SearchAction","target":{"@type":"EntryPoint","urlTemplate":"https:\/\/passation.ch\/?s={search_term_string}"},"query-input":{"@type":"PropertyValueSpecification","valueRequired":true,"valueName":"search_term_string"}}],"inLanguage":"en-GB"}]}},"_links":{"self":[{"href":"https:\/\/passation.ch\/en\/wp-json\/wp\/v2\/pages\/251814","targetHints":{"allow":["GET"]}}],"collection":[{"href":"https:\/\/passation.ch\/en\/wp-json\/wp\/v2\/pages"}],"about":[{"href":"https:\/\/passation.ch\/en\/wp-json\/wp\/v2\/types\/page"}],"author":[{"embeddable":true,"href":"https:\/\/passation.ch\/en\/wp-json\/wp\/v2\/users\/1"}],"replies":[{"embeddable":true,"href":"https:\/\/passation.ch\/en\/wp-json\/wp\/v2\/comments?post=251814"}],"version-history":[{"count":36,"href":"https:\/\/passation.ch\/en\/wp-json\/wp\/v2\/pages\/251814\/revisions"}],"predecessor-version":[{"id":252442,"href":"https:\/\/passation.ch\/en\/wp-json\/wp\/v2\/pages\/251814\/revisions\/252442"}],"wp:attachment":[{"href":"https:\/\/passation.ch\/en\/wp-json\/wp\/v2\/media?parent=251814"}],"curies":[{"name":"wp","href":"https:\/\/api.w.org\/{rel}","templated":true}]}}