{"id":251784,"date":"2023-10-19T21:17:47","date_gmt":"2023-10-19T19:17:47","guid":{"rendered":"https:\/\/www.weebweeb.com\/demo7\/?page_id=251784"},"modified":"2025-11-07T15:54:12","modified_gmt":"2025-11-07T14:54:12","slug":"packaging","status":"publish","type":"page","link":"https:\/\/passation.ch\/en\/packaging\/","title":{"rendered":"Packaging"},"content":{"rendered":"<p>[et_pb_section fb_built=\"1\u2033 disabled_on=\"off|off|off \" _builder_version=\"4.22.2\u2033 _module_preset=\"default \" background_color=\"#f9f9f9\u2033 background_enable_pattern_style=\"on \" background_pattern_style=\"squares \" background_pattern_color=\"rgba(0,0,0,0.05) \" custom_padding=\"69px||69px||true| \" global_colors_info=\"{} \"][et_pb_row _builder_version=\"4.16\u2033 _module_preset=\"default \" locked=\"off \" global_colors_info=\"{} \"][et_pb_column type=\"4_4\u2033 _builder_version=\"4.16\u2033 _module_preset=\"default \" global_colors_info=\"{} \"][et_pb_image src= \"https:\/\/passation.ch\/wp-content\/uploads\/2023\/10\/Design-sans-titre-10.svg \" title_text=\"Design sans titre (10) \" align=\"center \" _builder_version=\"4.22.2\u2033 _module_preset=\"default \" custom_margin=\"||13px||| \" global_colors_info=\"{} \"][\/et_pb_image][et_pb_text _builder_version=\"4.22.2\u2033 _module_preset=\"default \" header_3_font=\"Yantramanav|||||||| \" header_3_font_size=\"40px \" header_3_letter_spacing=\"2px \" custom_margin= \"||7px||false|false \" header_3_font_size_tablet= \" \" header_3_font_size_phone= \"30px \" header_3_font_size_last_edited=\"on|phone \" global_colors_info=\"{} \"]<\/p>\n<h3 style=\"text-align: center;\">Our watch packaging<\/h3>\n<p>[\/et_pb_text][et_pb_text _builder_version=\"4.22.2\u2033 _module_preset=\"default \" text_font=\"Poppins|300||||||| \" text_text_color=\"#000000\u2033 text_font_size=\"17px \" text_orientation=\"center \" width=\"40% \" width_tablet=\"76% \" width_phone=\"100% \" width_last_edited=\"on|phone \" module_alignment=\"center \" global_colors_info=\"{}\"]<\/p>\n<p>A box is included with the purchase of a watch on our site. If you would like a particular model from the list below, please contact us.<\/p>\n<p>[\/et_pb_text][\/et_pb_column][\/et_pb_row][\/et_pb_section][et_pb_section fb_built=\u00a0\u00bb1&Prime; _builder_version=\u00a0\u00bb4.22.2&Prime; _module_preset=\u00a0\u00bbdefault\u00a0\u00bb background_enable_color=\u00a0\u00bboff\u00a0\u00bb locked=\u00a0\u00bboff\u00a0\u00bb global_colors_info=\u00a0\u00bb{}\u00a0\u00bb][et_pb_row column_structure=\u00a0\u00bb1_3,1_3,1_3&Prime; _builder_version=\u00a0\u00bb4.22.2&Prime; _module_preset=\u00a0\u00bbdefault\u00a0\u00bb global_colors_info=\u00a0\u00bb{}\u00a0\u00bb][et_pb_column type=\u00a0\u00bb1_3&Prime; _builder_version=\u00a0\u00bb4.22.2&Prime; _module_preset=\u00a0\u00bbdefault\u00a0\u00bb global_colors_info=\u00a0\u00bb{}\u00a0\u00bb][et_pb_image src=\u00a0\u00bbhttps:\/\/passation.ch\/wp-content\/uploads\/2023\/10\/Boite-en-bois.png\u00a0\u00bb title_text=\u00a0\u00bbBoite en bois\u00a0\u00bb _builder_version=\u00a0\u00bb4.22.2&Prime; _module_preset=\u00a0\u00bbdefault\u00a0\u00bb global_colors_info=\u00a0\u00bb{}\u00a0\u00bb][\/et_pb_image][et_pb_text _builder_version=\u00a0\u00bb4.27.4&Prime; _module_preset=\u00a0\u00bbdefault\u00a0\u00bb text_font=\u00a0\u00bbYantramanav||||||||\u00a0\u00bb text_text_color=\u00a0\u00bb#000000&Prime; text_font_size=\u00a0\u00bb22px\u00a0\u00bb hover_enabled=\u00a0\u00bb0&Prime; global_colors_info=\u00a0\u00bb{}\u00a0\u00bb sticky_enabled=\u00a0\u00bb0&Prime;]<\/p>\n<p style=\"text-align: center;\">Wooden box<\/p>\n<p>[et_pb_text][\/et_pb_column][et_pb_column type=\"1_3\u2033 _builder_version=\"4.22.2\u2033 _module_preset=\"default \" global_colors_info=\"{} \"][et_pb_image src=\"https:\/\/passation.ch\/wp-content\/uploads\/2023\/10\/Boite-en-bois-noire.png \" title_text=\"Black wooden box\" _builder_version=\"4.22.2\u2033 _module_preset=\"default \" global_colors_info=\"{} \"][\/et_pb_image][et_pb_text _builder_version=\"4.22.2\u2033 _module_preset=\"default \" text_font=\"Yantramanav|||||||| \" text_text_color=\"#000000\u2033 text_font_size=\"22px \" global_colors_info=\"{} \"]<\/p>\n<p style=\"text-align: center;\">Black wooden box<\/p>\n<p>[et_pb_text][\/et_pb_column][et_pb_column type=\"1_3\u2033 _builder_version=\"4.22.2\u2033 _module_preset=\"default \" global_colors_info=\"{} \"][et_pb_image src=\"https:\/\/passation.ch\/wp-content\/uploads\/2023\/10\/Coffret-Deluxe.png \" title_text=\"Coffret Deluxe\" _builder_version=\"4.22.2\u2033 _module_preset=\"default \" global_colors_info=\"{} \"][\/et_pb_image][et_pb_text _builder_version=\"4.22.2\u2033 _module_preset=\"default \" text_font=\"Yantramanav|||||||| \" text_text_color=\"#000000\u2033 text_font_size=\"22px \" global_colors_info=\"{} \"]<\/p>\n<p style=\"text-align: center;\">Deluxe box set<\/p>\n<p>[\/et_pb_text][\/et_pb_column][\/et_pb_row][et_pb_row column_structure=\"1_3,1_3,1_3\u2033 _builder_version=\"4.22.2\u2033 _module_preset=\"default \" global_colors_info=\"{} \"][et_pb_column type=\"1_3\u2033 _builder_version=\"4.22.2\u2033 _module_preset=\"default \" global_colors_info=\"{} \"][et_pb_image src= \"https:\/\/passation.ch\/wp-content\/uploads\/2023\/10\/Cube-de-luxe.png \" title_text=\"Luxury cube\" _builder_version=\"4.22.2\u2033 _module_preset=\"default \" global_colors_info=\"{} \"][\/et_pb_image][et_pb_text _builder_version=\"4.22.2\u2033 _module_preset=\"default \" text_font=\"Yantramanav|||||||| \" text_text_color=\"#000000\u2033 text_font_size=\"22px \" global_colors_info=\"{} \"]<\/p>\n<p style=\"text-align: center;\">Luxury cube<\/p>\n<p>[et_pb_text][\/et_pb_column][et_pb_column type=\"1_3\u2033 _builder_version=\"4.22.2\u2033 _module_preset=\"default \" global_colors_info=\"{} \"][et_pb_image src=\"https:\/\/passation.ch\/wp-content\/uploads\/2023\/10\/Boite-a-tiroirs.png \" title_text=\"Drawer box\" _builder_version=\"4.22.2\u2033 _module_preset=\"default \" global_colors_info=\"{} \"][\/et_pb_image][et_pb_text _builder_version=\"4.22.2\u2033 _module_preset=\"default \" text_font=\"Yantramanav|||||||| \" text_text_color=\"#000000\u2033 text_font_size=\"22px \" global_colors_info=\"{} \"]<\/p>\n<p style=\"text-align: center;\">Drawer box<\/p>\n<p>[et_pb_text][\/et_pb_column][et_pb_column type=\"1_3\u2033 _builder_version=\"4.22.2\u2033 _module_preset=\"default \" global_colors_info=\"{} \"][et_pb_image src=\"https:\/\/passation.ch\/wp-content\/uploads\/2023\/10\/Boite-a-tiroirs-plate.png \" title_text=\"Flat drawer box\" _builder_version=\"4.22.2\u2033 _module_preset=\"default \" global_colors_info=\"{} \"][\/et_pb_image][et_pb_text _builder_version=\"4.22.2\u2033 _module_preset=\"default \" text_font=\"Yantramanav|||||||| \" text_text_color=\"#000000\u2033 text_font_size=\"22px \" global_colors_info=\"{} \"]<\/p>\n<p style=\"text-align: center;\">Flat drawer box<\/p>\n<p>[\/et_pb_text][\/et_pb_column][\/et_pb_row][et_pb_row column_structure=\"1_3,2_3\u2033 _builder_version=\"4.22.2\u2033 _module_preset=\"default \" global_colors_info=\"{} \"][et_pb_column type=\"1_3\u2033 _builder_version=\"4.22.2\u2033 _module_preset=\"default \" global_colors_info=\"{} \"][et_pb_image src= \"https:\/\/passation.ch\/wp-content\/uploads\/2023\/10\/Petit-cube.png \" title_text=\"Small cube\" _builder_version=\"4.22.2\u2033 _module_preset=\"default \" global_colors_info=\"{} \"][\/et_pb_image][et_pb_text _builder_version=\"4.22.2\u2033 _module_preset=\"default \" text_font=\"Yantramanav|||||||| \" text_text_color=\"#000000\u2033 text_font_size=\"22px \" global_colors_info=\"{} \"]<\/p>\n<p style=\"text-align: center;\">Small cube<\/p>\n<p>[\/et_pb_text][\/et_pb_column][et_pb_column type=\"2_3\u2033 _builder_version=\"4.22.2\u2033 _module_preset=\"default \" global_colors_info=\"{} \"][et_pb_image src= \"https:\/\/passation.ch\/wp-content\/uploads\/2023\/10\/Impression-de-logo-individuel-2.png \" title_text=\"Individual logo printing \" url=\"https:\/\/passation.ch\/boite-a-montre-personnalisable\/ \" _builder_version=\"4.23.1\u2033 _module_preset=\"default \" border_width_all=\"3px \" border_color_all=\"#D52B1E \" global_colors_info=\"{} \"][\/et_pb_image][et_pb_icon font_icon=\"C||divi||400\u2033 icon_width=\"40px \" _builder_version=\"4.23.1\u2033 _module_preset=\"default \" custom_margin=\"9px||9px||true| \" global_colors_info=\"{} \"][\/et_pb_icon][et_pb_button button_url=\"https:\/\/passation.ch\/boite-a-montre-personnalisable\/ \" button_text=\"Customizable watch box \" button_alignment=\"center \" button_alignment_tablet= \" \" button_alignment_phone=\"left \" button_alignment_last_edited=\"on|phone \" _builder_version=\"4.23.1\u2033 _module_preset=\"default \" custom_button=\"on \" button_text_size=\"20px \" button_text_color=\"#FFFFFF \" button_bg_color=\"#D52B1E \" button_border_width=\"0px \" button_border_color=\"#FFFFFF \" button_border_radius= \"3px \" button_letter_spacing=\"2px \" button_font=\"Yantramanav|||||||| \" locked=\"off \" global_colors_info=\"{} \"][\/et_pb_button][\/et_pb_column][\/et_pb_row][\/et_pb_section][et_pb_section fb_built=\"1\u2033 _builder_version=\"4.22.2\u2033 _module_preset=\"default \" background_color=\"#000000\u2033 custom_padding=\"27px||27px||true| \" locked=\"off \" global_colors_info=\"{} \"][et_pb_row _builder_version=\"4.22.2\u2033 _module_preset=\"default \" global_colors_info=\"{} \"][et_pb_column type=\"4_4\u2033 _builder_version=\"4.22.2\u2033 _module_preset=\"default \" global_colors_info=\"{} \"][et_pb_text _builder_version=\"4.22.2\u2033 _module_preset=\"default \" text_font=\"Poppins||on|||||| \" text_text_color=\"#FFFFFF \" text_font_size=\"20px \" text_line_height=\"1.8em \" global_colors_info=\"{} \"]<\/p>\n<blockquote>\n<p><span>A watch is more than just a timekeeper; it is a witness to the passing of time, capturing precious moments from one generation to the next.<\/span><\/p>\n<\/blockquote>\n<p>[\/et_pb_text][\/et_pb_column][\/et_pb_row][\/et_pb_section][et_pb_section fb_built=\"1\u2033 _builder_version=\"4.22.2\u2033 _module_preset=\"default \" locked=\"off \" global_colors_info=\"{} \"][et_pb_row _builder_version=\"4.22.2\u2033 _module_preset=\"default \" global_colors_info=\"{} \"][et_pb_column type=\"4_4\u2033 _builder_version=\"4.22.2\u2033 _module_preset=\"default \" global_colors_info=\"{} \"][et_pb_text _builder_version=\"4.22.2\u2033 _module_preset=\"default \" header_2_font=\"Yantramanav|||||||| \" header_2_font_size=\"40px \" header_2_letter_spacing=\"2px \" header_3_font=\"Yantramanav|||||||| \" header_3_font_size=\"40px \" header_3_letter_spacing= \"2px \" custom_margin=\"||32px||false|false \" header_3_font_size_tablet= \" \" header_3_font_size_phone=\"30px \" header_3_font_size_last_edited=\"on|phone \" locked=\"off \" global_colors_info=\"{}\"]<\/p>\n<h2 style=\"text-align: center;\">Wrap up time with elegance<\/h2>\n<p>[\/et_pb_text][et_pb_text _builder_version=\"4.22.2\u2033 _module_preset=\"default \" text_font=\"Poppins|300||||||| \" text_text_color=\"#000000\u2033 text_font_size=\"16px \" locked=\"off \" global_colors_info=\"{}\"]<\/p>\n<p>The watch, beyond its primary function of telling the time, is a timeless symbol of style, elegance and tradition. It is often regarded as a precious heirloom, passed down from generation to generation. To enhance this act of transmission, we offer an exclusive range of packaging designed to showcase your personalised watch when it is handed down.<\/p>\n<p><strong>1. Wooden box :<\/strong> Made from high-quality wood, this box evokes tradition and durability. Its sleek design and soft feel make it the ideal choice for those who appreciate simplicity and authenticity.<\/p>\n<p><strong>2. Black wooden box :<\/strong> With its elegant black finish, this case reflects refinement. It is perfect for modern watches while retaining a classic charm.<\/p>\n<p><strong>3. Deluxe box set :<\/strong> A luxurious case for your watch. The Deluxe Box features a velvet interior and impeccable exterior finish, guaranteeing a majestic presentation of your heirloom.<\/p>\n<p><strong>4. Luxury cube :<\/strong> Compact and modern, the Cube de luxe is designed for design lovers. Its unique shape and sophisticated look make it a contemporary choice.<\/p>\n<p><strong>5. Drawer box :<\/strong> Combining functionality and aesthetics, this box has drawers for storing other small precious objects, while showcasing the watch.<\/p>\n<p><strong>6. Flat drawer box :<\/strong> A slimmer version of the drawer box, ideal for those looking for a compact design without compromising on storage space.<\/p>\n<p><strong>7. Small cube :<\/strong> Perfect for delicate watches, the Petit cube is both discreet and elegant, offering optimum protection.<\/p>\n<p><strong>8. Individual logo printing :<\/strong> For a personal touch, opt to print your logo or any other motif of your choice. It's the perfect finish for a truly unique gift.<\/p>\n<p>By choosing one of our exclusive packaging solutions, you're not just giving a watch; you're giving a piece of history, wrapped up in a case worthy of its value. Make the passing on of an heirloom an unforgettable moment with our top-of-the-range packaging solutions.<\/p>\n<p>[\/et_pb_text][\/et_pb_column][\/et_pb_row][\/et_pb_section]<\/p>","protected":false},"excerpt":{"rendered":"<p>Nos packagings et emballages de montresUne bo\u00eete est incluse \u00e0 l&rsquo;achat d&rsquo;une montre sur notre site. Si vous souhaitez un mod\u00e8le en particulier dans la liste ci-dessous, merci de nous contacter.Bo\u00eete en boisBo\u00eete en bois noireCoffret DeluxeCube de luxeBo\u00eete \u00e0 tiroirsBo\u00eete \u00e0 tiroirs platePetit cube Une montre n&rsquo;est pas qu&rsquo;un simple gardien du temps, elle est le t\u00e9moin d&rsquo;une passation, capturant les moments pr\u00e9cieux d&rsquo;une g\u00e9n\u00e9ration \u00e0 l&rsquo;autre. Emballez le temps avec \u00e9l\u00e9ganceLa montre, au-del\u00e0 de sa fonction premi\u00e8re de donner l&rsquo;heure, est un symbole intemporel de style, d&rsquo;\u00e9l\u00e9gance et de tradition. Elle est souvent consid\u00e9r\u00e9e comme un h\u00e9ritage pr\u00e9cieux, transmis de g\u00e9n\u00e9ration en g\u00e9n\u00e9ration. Pour sublimer ce geste de transmission, nous vous proposons une gamme exclusive de packagings, con\u00e7us pour mettre en valeur votre montre personnalisable lors de sa passation. 1. Bo\u00eete en bois : Fabriqu\u00e9e \u00e0 partir de bois de haute qualit\u00e9, cette bo\u00eete \u00e9voque la tradition et la durabilit\u00e9. Son design \u00e9pur\u00e9 et son toucher doux en font le choix id\u00e9al pour ceux qui appr\u00e9cient la simplicit\u00e9 et l&rsquo;authenticit\u00e9. 2. Bo\u00eete en bois noire : Avec sa finition noire \u00e9l\u00e9gante, cette bo\u00eete est le reflet du raffinement. Elle est parfaite pour les montres modernes tout en conservant [&hellip;]<\/p>","protected":false},"author":1,"featured_media":0,"parent":0,"menu_order":0,"comment_status":"closed","ping_status":"closed","template":"","meta":{"_et_pb_use_builder":"on","_et_pb_old_content":"","_et_gb_content_width":"","inline_featured_image":false,"_joinchat":[],"footnotes":""},"class_list":["post-251784","page","type-page","status-publish","hentry"],"yoast_head":"<!-- This site is optimized with the Yoast SEO plugin v27.4 - https:\/\/yoast.com\/product\/yoast-seo-wordpress\/ -->\n<title>Packaging &amp; Bo\u00eete de montre - Passation<\/title>\n<meta name=\"description\" content=\"D\u00e9couvrez nos bo\u00eetes de montres \u00e9l\u00e9gantes et optez pour une bo\u00eete sur mesure. Emballez votre montre avec style et personnalisation.\" \/>\n<meta name=\"robots\" content=\"index, follow, max-snippet:-1, max-image-preview:large, max-video-preview:-1\" \/>\n<link rel=\"canonical\" href=\"https:\/\/passation.ch\/en\/packaging\/\" \/>\n<meta property=\"og:locale\" content=\"en_GB\" \/>\n<meta property=\"og:type\" content=\"article\" \/>\n<meta property=\"og:title\" content=\"Packaging &amp; Bo\u00eete de montre - Passation\" \/>\n<meta property=\"og:description\" content=\"D\u00e9couvrez nos bo\u00eetes de montres \u00e9l\u00e9gantes et optez pour une bo\u00eete sur mesure. Emballez votre montre avec style et personnalisation.\" \/>\n<meta property=\"og:url\" content=\"https:\/\/passation.ch\/en\/packaging\/\" \/>\n<meta property=\"og:site_name\" content=\"Passation\" \/>\n<meta property=\"article:modified_time\" content=\"2025-11-07T14:54:12+00:00\" \/>\n<meta name=\"twitter:card\" content=\"summary_large_image\" \/>\n<meta name=\"twitter:label1\" content=\"Estimated reading time\" \/>\n\t<meta name=\"twitter:data1\" content=\"4 minutes\" \/>\n<script type=\"application\/ld+json\" class=\"yoast-schema-graph\">{\"@context\":\"https:\\\/\\\/schema.org\",\"@graph\":[{\"@type\":\"WebPage\",\"@id\":\"https:\\\/\\\/passation.ch\\\/packaging\\\/\",\"url\":\"https:\\\/\\\/passation.ch\\\/packaging\\\/\",\"name\":\"Packaging & Bo\u00eete de montre - Passation\",\"isPartOf\":{\"@id\":\"https:\\\/\\\/passation.ch\\\/#website\"},\"datePublished\":\"2023-10-19T19:17:47+00:00\",\"dateModified\":\"2025-11-07T14:54:12+00:00\",\"description\":\"D\u00e9couvrez nos bo\u00eetes de montres \u00e9l\u00e9gantes et optez pour une bo\u00eete sur mesure. Emballez votre montre avec style et personnalisation.\",\"breadcrumb\":{\"@id\":\"https:\\\/\\\/passation.ch\\\/packaging\\\/#breadcrumb\"},\"inLanguage\":\"en-GB\",\"potentialAction\":[{\"@type\":\"ReadAction\",\"target\":[\"https:\\\/\\\/passation.ch\\\/packaging\\\/\"]}]},{\"@type\":\"BreadcrumbList\",\"@id\":\"https:\\\/\\\/passation.ch\\\/packaging\\\/#breadcrumb\",\"itemListElement\":[{\"@type\":\"ListItem\",\"position\":1,\"name\":\"Accueil\",\"item\":\"https:\\\/\\\/passation.ch\\\/\"},{\"@type\":\"ListItem\",\"position\":2,\"name\":\"Packaging\"}]},{\"@type\":\"WebSite\",\"@id\":\"https:\\\/\\\/passation.ch\\\/#website\",\"url\":\"https:\\\/\\\/passation.ch\\\/\",\"name\":\"Passation\",\"description\":\"Montre de famille sur mesure\",\"potentialAction\":[{\"@type\":\"SearchAction\",\"target\":{\"@type\":\"EntryPoint\",\"urlTemplate\":\"https:\\\/\\\/passation.ch\\\/?s={search_term_string}\"},\"query-input\":{\"@type\":\"PropertyValueSpecification\",\"valueRequired\":true,\"valueName\":\"search_term_string\"}}],\"inLanguage\":\"en-GB\"}]}<\/script>\n<!-- \/ Yoast SEO plugin. -->","yoast_head_json":{"title":"Packaging & Bo\u00eete de montre - Passation","description":"D\u00e9couvrez nos bo\u00eetes de montres \u00e9l\u00e9gantes et optez pour une bo\u00eete sur mesure. Emballez votre montre avec style et personnalisation.","robots":{"index":"index","follow":"follow","max-snippet":"max-snippet:-1","max-image-preview":"max-image-preview:large","max-video-preview":"max-video-preview:-1"},"canonical":"https:\/\/passation.ch\/en\/packaging\/","og_locale":"en_GB","og_type":"article","og_title":"Packaging & Bo\u00eete de montre - Passation","og_description":"D\u00e9couvrez nos bo\u00eetes de montres \u00e9l\u00e9gantes et optez pour une bo\u00eete sur mesure. Emballez votre montre avec style et personnalisation.","og_url":"https:\/\/passation.ch\/en\/packaging\/","og_site_name":"Passation","article_modified_time":"2025-11-07T14:54:12+00:00","twitter_card":"summary_large_image","twitter_misc":{"Estimated reading time":"4 minutes"},"schema":{"@context":"https:\/\/schema.org","@graph":[{"@type":"WebPage","@id":"https:\/\/passation.ch\/packaging\/","url":"https:\/\/passation.ch\/packaging\/","name":"Packaging & Bo\u00eete de montre - Passation","isPartOf":{"@id":"https:\/\/passation.ch\/#website"},"datePublished":"2023-10-19T19:17:47+00:00","dateModified":"2025-11-07T14:54:12+00:00","description":"D\u00e9couvrez nos bo\u00eetes de montres \u00e9l\u00e9gantes et optez pour une bo\u00eete sur mesure. Emballez votre montre avec style et personnalisation.","breadcrumb":{"@id":"https:\/\/passation.ch\/packaging\/#breadcrumb"},"inLanguage":"en-GB","potentialAction":[{"@type":"ReadAction","target":["https:\/\/passation.ch\/packaging\/"]}]},{"@type":"BreadcrumbList","@id":"https:\/\/passation.ch\/packaging\/#breadcrumb","itemListElement":[{"@type":"ListItem","position":1,"name":"Accueil","item":"https:\/\/passation.ch\/"},{"@type":"ListItem","position":2,"name":"Packaging"}]},{"@type":"WebSite","@id":"https:\/\/passation.ch\/#website","url":"https:\/\/passation.ch\/","name":"Transfer","description":"Made-to-measure family watch","potentialAction":[{"@type":"SearchAction","target":{"@type":"EntryPoint","urlTemplate":"https:\/\/passation.ch\/?s={search_term_string}"},"query-input":{"@type":"PropertyValueSpecification","valueRequired":true,"valueName":"search_term_string"}}],"inLanguage":"en-GB"}]}},"_links":{"self":[{"href":"https:\/\/passation.ch\/en\/wp-json\/wp\/v2\/pages\/251784","targetHints":{"allow":["GET"]}}],"collection":[{"href":"https:\/\/passation.ch\/en\/wp-json\/wp\/v2\/pages"}],"about":[{"href":"https:\/\/passation.ch\/en\/wp-json\/wp\/v2\/types\/page"}],"author":[{"embeddable":true,"href":"https:\/\/passation.ch\/en\/wp-json\/wp\/v2\/users\/1"}],"replies":[{"embeddable":true,"href":"https:\/\/passation.ch\/en\/wp-json\/wp\/v2\/comments?post=251784"}],"version-history":[{"count":15,"href":"https:\/\/passation.ch\/en\/wp-json\/wp\/v2\/pages\/251784\/revisions"}],"predecessor-version":[{"id":253015,"href":"https:\/\/passation.ch\/en\/wp-json\/wp\/v2\/pages\/251784\/revisions\/253015"}],"wp:attachment":[{"href":"https:\/\/passation.ch\/en\/wp-json\/wp\/v2\/media?parent=251784"}],"curies":[{"name":"wp","href":"https:\/\/api.w.org\/{rel}","templated":true}]}}