{"id":251750,"date":"2023-10-19T20:15:52","date_gmt":"2023-10-19T18:15:52","guid":{"rendered":"https:\/\/www.weebweeb.com\/demo7\/?page_id=251750"},"modified":"2025-11-07T15:57:05","modified_gmt":"2025-11-07T14:57:05","slug":"processus","status":"publish","type":"page","link":"https:\/\/passation.ch\/en\/processus\/","title":{"rendered":"Process"},"content":{"rendered":"<p>[et_pb_section fb_built=\"1\u2033 disabled_on=\"off|off|off \" _builder_version=\"4.22.2\u2033 _module_preset=\"default \" background_color=\"#f9f9f9\u2033 background_enable_pattern_style=\"on \" background_pattern_style=\"squares \" background_pattern_color=\"rgba(0,0,0,0.05) \" custom_padding=\"69px||69px||true| \" global_colors_info=\"{} \"][et_pb_row _builder_version=\"4.16\u2033 _module_preset=\"default \" locked=\"off \" global_colors_info=\"{} \"][et_pb_column type=\"4_4\u2033 _builder_version=\"4.16\u2033 _module_preset=\"default \" global_colors_info=\"{} \"][et_pb_image src= \"https:\/\/passation.ch\/wp-content\/uploads\/2023\/10\/Design-sans-titre-10.svg \" title_text=\"Design sans titre (10) \" align=\"center \" _builder_version=\"4.22.2\u2033 _module_preset=\"default \" custom_margin=\"||13px||| \" global_colors_info=\"{} \"][\/et_pb_image][et_pb_text _builder_version=\"4.22.2\u2033 _module_preset=\"default \" header_3_font=\"Yantramanav|||||||| \" header_3_font_size=\"40px \" header_3_letter_spacing=\"2px \" custom_margin= \"||7px||false|false \" header_3_font_size_tablet= \" \" header_3_font_size_phone= \"30px \" header_3_font_size_last_edited=\"on|phone \" global_colors_info=\"{} \"]<\/p>\n<h3 style=\"text-align: center;\">Our process<\/h3>\n<p>[\/et_pb_text][et_pb_text _builder_version=\"4.22.2\u2033 _module_preset=\"default \" text_font=\"Poppins|300||||||| \" text_text_color=\"#000000\u2033 text_font_size=\"17px \" text_orientation=\"center \" width=\"40% \" width_tablet=\"76% \" width_phone=\"100% \" width_last_edited=\"on|phone \" module_alignment=\"center \" global_colors_info=\"{}\"]<\/p>\n<p>A simple methodology and free support to help you create the watch of your dreams<\/p>\n<p>[\/et_pb_text][\/et_pb_column][\/et_pb_row][\/et_pb_section][et_pb_section fb_built=\"1\u2033 _builder_version=\"4.22.2\u2033 _module_preset=\"default \" background_enable_color=\"off \" locked=\"off \" global_colors_info=\"{} \"][et_pb_row column_structure=\"1_2,1_2\u2033 _builder_version=\"4.17.3\u2033 _module_preset=\"default \" global_colors_info=\"{} \"][et_pb_column type=\"1_2\u2033 _builder_version=\"4.17.3\u2033 _module_preset=\"default \" sticky_position=\"top \" sticky_offset_top=\"37px \" sticky_limit_bottom=\"row \" sticky_position_tablet=\"none \" sticky_position_phone=\"none \" sticky_position_last_edited=\"on|tablet \" global_colors_info=\"{} \"][et_pb_text _builder_version=\"4.22.2\u2033 _module_preset=\"default \" text_font=\"Yantramanav|700||||||| \" text_text_color=\"#000000\u2033 text_font_size=\"27px \" text_letter_spacing=\"2px \" global_colors_info=\"{} \"]<\/p>\n<p>In a nutshell:<\/p>\n<p>[\/et_pb_text][et_pb_text _builder_version=\"4.23.1\u2033 _module_preset=\"default \" text_font=\"Poppins|300||||||| \" text_text_color=\"#000000\u2033 text_font_size=\"16px \" text_line_height=\"1.8em \" locked=\"off \" global_colors_info=\"{}\"]<\/p>\n<p style=\"text-align: left;\">If you have any problems supplying your visuals in the formats below, please do not hesitate to contact us.<\/p>\n<p style=\"text-align: left;\">We can also help you with your <a href=\"https:\/\/passation.ch\/en\/\">bespoke family watch<\/a>, We'll work with you to create your layout and visuals so that all your ideas are in harmony.<\/p>\n<p>[\/et_pb_text][dsm_icon_list icon_color=\u00a0\u00bb#D52B1E\u00a0\u00bb icon_font_size=\u00a0\u00bb20px\u00a0\u00bb list_space_between=\u00a0\u00bb21px\u00a0\u00bb text_indent=\u00a0\u00bb16px\u00a0\u00bb text_indent_tablet=\u00a0\u00bb14px\u00a0\u00bb text_indent_phone=\u00a0\u00bb7px\u00a0\u00bb text_indent_last_edited=\u00a0\u00bbon|phone\u00a0\u00bb _builder_version=\u00a0\u00bb4.22.2&Prime; _module_preset=\u00a0\u00bbdefault\u00a0\u00bb text_font=\u00a0\u00bbPoppins||||||||\u00a0\u00bb text_text_color=\u00a0\u00bb#000000&Prime; text_font_size=\u00a0\u00bb17px\u00a0\u00bb text_font_size_tablet=\u00a0\u00bb17px\u00a0\u00bb text_font_size_phone=\u00a0\u00bb15px\u00a0\u00bb text_font_size_last_edited=\u00a0\u00bbon|phone\u00a0\u00bb global_colors_info=\u00a0\u00bb{}\u00a0\u00bb][dsm_icon_list_child text=\u00a0\u00bbFormat .eps (logo et texte)\u00a0\u00bb font_icon=\u00a0\u00bb&#xf058;||fa||900&Prime; _builder_version=\u00a0\u00bb4.22.2&Prime; _module_preset=\u00a0\u00bbdefault\u00a0\u00bb global_colors_info=\u00a0\u00bb{}\u00a0\u00bb][\/dsm_icon_list_child][dsm_icon_list_child text=\u00a0\u00bbPersonnalisation roteur du mouvement (DXF.file)\u00a0\u00bb font_icon=\u00a0\u00bb&#xf058;||fa||900&Prime; _builder_version=\u00a0\u00bb4.22.2&Prime; _module_preset=\u00a0\u00bbdefault\u00a0\u00bb global_colors_info=\u00a0\u00bb{}\u00a0\u00bb][\/dsm_icon_list_child][\/dsm_icon_list][\/et_pb_column][et_pb_column type=\u00a0\u00bb1_2&Prime; _builder_version=\u00a0\u00bb4.17.3&Prime; _module_preset=\u00a0\u00bbdefault\u00a0\u00bb global_colors_info=\u00a0\u00bb{}\u00a0\u00bb][dsm_content_timeline dsm_timeline_style=\u00a0\u00bbleft\u00a0\u00bb dsm_card_arrow=\u00a0\u00bbon\u00a0\u00bb dsm_bg_color=\u00a0\u00bb#f9f9f9&Prime; dsm_pointer_bg_color=\u00a0\u00bb#D52B1E\u00a0\u00bb dsm_pointer_icon_color=\u00a0\u00bb#FFFFFF\u00a0\u00bb dsm_tree_bg_color=\u00a0\u00bb#2D2425&Prime; dsm_opposite_bg_color=\u00a0\u00bb#D52B1E\u00a0\u00bb _builder_version=\u00a0\u00bb4.27.4&Prime; _module_preset=\u00a0\u00bbdefault\u00a0\u00bb header_font=\u00a0\u00bbYantramanav|800|||||||\u00a0\u00bb header_text_color=\u00a0\u00bb#2D2425&Prime; header_font_size=\u00a0\u00bb25px\u00a0\u00bb header_letter_spacing=\u00a0\u00bb2px\u00a0\u00bb content_font=\u00a0\u00bbPoppins|300|||||||\u00a0\u00bb content_text_color=\u00a0\u00bb#000000&Prime; content_font_size=\u00a0\u00bb16px\u00a0\u00bb content_line_height=\u00a0\u00bb1.8em\u00a0\u00bb opposite_text_font=\u00a0\u00bbNunito Sans|800|||||||\u00a0\u00bb opposite_text_text_align=\u00a0\u00bbcenter\u00a0\u00bb opposite_text_text_color=\u00a0\u00bb#FFFFFF\u00a0\u00bb opposite_text_font_size=\u00a0\u00bb13px\u00a0\u00bb animation_style=\u00a0\u00bbslide\u00a0\u00bb animation_direction=\u00a0\u00bbbottom\u00a0\u00bb animation_duration=\u00a0\u00bb500ms\u00a0\u00bb animation_delay=\u00a0\u00bb200ms\u00a0\u00bb animation_intensity_slide=\u00a0\u00bb15%\u00a0\u00bb hover_enabled=\u00a0\u00bb0&Prime; opposite_text_text_color_tablet=\u00a0\u00bb#FFFFFF\u00a0\u00bb opposite_text_text_color_phone=\u00a0\u00bb#000000&Prime; opposite_text_text_color_last_edited=\u00a0\u00bbon|phone\u00a0\u00bb border_radii_opposite_border=\u00a0\u00bbon|4px|4px|4px|4px\u00a0\u00bb border_radii_card_border=\u00a0\u00bbon|3px|3px|3px|3px\u00a0\u00bb box_shadow_style_opposite_shadow=\u00a0\u00bbpreset1&Prime; box_shadow_vertical_opposite_shadow=\u00a0\u00bb3px\u00a0\u00bb box_shadow_blur_opposite_shadow=\u00a0\u00bb12px\u00a0\u00bb box_shadow_style_card_shadow=\u00a0\u00bbpreset1&Prime; box_shadow_vertical_card_shadow=\u00a0\u00bb20px\u00a0\u00bb box_shadow_blur_card_shadow=\u00a0\u00bb51px\u00a0\u00bb box_shadow_spread_card_shadow=\u00a0\u00bb-26px\u00a0\u00bb box_shadow_color_card_shadow=\u00a0\u00bbrgba(0,0,0,0.11)\u00a0\u00bb global_colors_info=\u00a0\u00bb{}\u00a0\u00bb sticky_enabled=\u00a0\u00bb0&Prime;][dsm_content_timeline_child dsm_use_icon_image=\u00a0\u00bboff\u00a0\u00bb dsm_title=\u00a0\u00bbR\u00e9fl\u00e9chissez de votre c\u00f4t\u00e9 \u00a0\u00bb dsm_content=\u00a0\u00bb<\/p>\n<ol>\n<li>Choose range<\/li>\n<li>Choosing a watch<\/li>\n<li>Choosing your bracelet<\/li>\n<li>Choosing customisation locations<\/li>\n<\/ol>\n<p>\u00a0\u00bb dsm_opposite_text=\u00a0\u00bb1&Prime; dsm_opposite_text_tablet=\u00a0\u00bb1&Prime; dsm_opposite_text_phone=\u00a0\u00bbEtape 1&Prime; dsm_opposite_text_last_edited=\u00a0\u00bbon|phone\u00a0\u00bb _builder_version=\u00a0\u00bb4.27.4&Prime; _module_preset=\u00a0\u00bbdefault\u00a0\u00bb opposite_text_font=\u00a0\u00bbPoppins||||||||\u00a0\u00bb opposite_text_text_color=\u00a0\u00bb#FFFFFF\u00a0\u00bb opposite_text_font_size=\u00a0\u00bb15px\u00a0\u00bb hover_enabled=\u00a0\u00bb0&Prime; opposite_text_text_color_tablet=\u00a0\u00bb#FFFFFF\u00a0\u00bb opposite_text_text_color_phone=\u00a0\u00bb#D52B1E\u00a0\u00bb opposite_text_text_color_last_edited=\u00a0\u00bbon|phone\u00a0\u00bb global_colors_info=\u00a0\u00bb{}\u00a0\u00bb parent_header_level=\u00a0\u00bbh4&Prime; sticky_enabled=\u00a0\u00bb0&Prime;][\/dsm_content_timeline_child][dsm_content_timeline_child dsm_use_icon_image=\u00a0\u00bboff\u00a0\u00bb dsm_title=\u00a0\u00bbFormulez votre demande\u00a0\u00bb dsm_content=\u00a0\u00bb<\/p>\n<ol>\n<li>Go to the personalisation form<\/li>\n<li>Select and describe your request<\/li>\n<\/ol>\n<p>\u00a0\u00bb button_text=\u00a0\u00bbCommencer\u00a0\u00bb button_url=\u00a0\u00bbhttps:\/\/form.jotform.com\/232786108082054&Prime; button_url_new_window=\u00a0\u00bbon\u00a0\u00bb dsm_opposite_text=\u00a0\u00bb2&Prime; dsm_opposite_text_tablet=\u00a0\u00bb2&Prime; dsm_opposite_text_phone=\u00a0\u00bbEtape 2&Prime; dsm_opposite_text_last_edited=\u00a0\u00bbon|phone\u00a0\u00bb _builder_version=\u00a0\u00bb4.27.4&Prime; _module_preset=\u00a0\u00bbdefault\u00a0\u00bb opposite_text_font=\u00a0\u00bbPoppins||||||||\u00a0\u00bb opposite_text_text_color=\u00a0\u00bb#FFFFFF\u00a0\u00bb opposite_text_font_size=\u00a0\u00bb15px\u00a0\u00bb custom_button=\u00a0\u00bbon\u00a0\u00bb button_text_size=\u00a0\u00bb15px\u00a0\u00bb button_text_color=\u00a0\u00bb#FFFFFF\u00a0\u00bb button_bg_color=\u00a0\u00bb#D52B1E\u00a0\u00bb button_border_radius=\u00a0\u00bb3px\u00a0\u00bb button_font=\u00a0\u00bbPoppins||||||||\u00a0\u00bb hover_enabled=\u00a0\u00bb0&Prime; opposite_text_text_color_tablet=\u00a0\u00bb#FFFFFF\u00a0\u00bb opposite_text_text_color_phone=\u00a0\u00bb#D52B1E\u00a0\u00bb opposite_text_text_color_last_edited=\u00a0\u00bbon|phone\u00a0\u00bb global_colors_info=\u00a0\u00bb{}\u00a0\u00bb parent_header_level=\u00a0\u00bbh4&Prime; sticky_enabled=\u00a0\u00bb0&Prime;][\/dsm_content_timeline_child][dsm_content_timeline_child dsm_use_icon_image=\u00a0\u00bboff\u00a0\u00bb dsm_title=\u00a0\u00bbPr\u00e9paration des visuels\u00a0\u00bb dsm_content=\u00a0\u00bb<\/p>\n<ol>\n<li>Our team will get back to you to prepare a quotation<\/li>\n<li>Our team will tell you which elements and formats to send depending on the design you want (.eps)... (design communicated via the form beforehand)<\/li>\n<li>Send us the necessary information<\/li>\n<li>Our team will prepare your final proof so that you can see the final result of your order.<\/li>\n<li style=\"%22font-weight:\" 400;%22 aria-level=\"%221%22\"><span style=\"%22font-weight:\" 400;%22>You can validate or request changes.<\/span><\/li>\n<\/ol>\n<p>\u00a0\u00bb dsm_opposite_text=\u00a0\u00bb3&Prime; dsm_opposite_text_tablet=\u00a0\u00bb3&Prime; dsm_opposite_text_phone=\u00a0\u00bbEtape 3&Prime; dsm_opposite_text_last_edited=\u00a0\u00bbon|phone\u00a0\u00bb _builder_version=\u00a0\u00bb4.27.4&Prime; _module_preset=\u00a0\u00bbdefault\u00a0\u00bb opposite_text_font=\u00a0\u00bbPoppins||||||||\u00a0\u00bb opposite_text_text_color=\u00a0\u00bb#FFFFFF\u00a0\u00bb opposite_text_font_size=\u00a0\u00bb15px\u00a0\u00bb hover_enabled=\u00a0\u00bb0&Prime; opposite_text_text_color_tablet=\u00a0\u00bb#FFFFFF\u00a0\u00bb opposite_text_text_color_phone=\u00a0\u00bb#D52B1E\u00a0\u00bb opposite_text_text_color_last_edited=\u00a0\u00bbon|phone\u00a0\u00bb global_colors_info=\u00a0\u00bb{}\u00a0\u00bb parent_header_level=\u00a0\u00bbh4&Prime; sticky_enabled=\u00a0\u00bb0&Prime;][\/dsm_content_timeline_child][dsm_content_timeline_child dsm_use_icon_image=\u00a0\u00bboff\u00a0\u00bb dsm_title=\u00a0\u00bbProduction et livraison\u00a0\u00bb dsm_content=\u00a0\u00bb<\/p>\n<ol>\n<li>Once the artwork has been validated, we can move on to the production of your watches<\/li>\n<li>You will receive your watches within 1 month.<\/li>\n<\/ol>\n<p>\u00a0\" dsm_opposite_text=\"4\u2033 dsm_opposite_text_tablet=\"4\u2033 dsm_opposite_text_phone=\"Step 4\u2033 dsm_opposite_text_last_edited=\"on|phone\" _builder_version=\"4.22.2\u2033 _module_preset=\"default \" opposite_text_font=\"Poppins|||||||| \" opposite_text_color=\"#FFFFFF \" opposite_text_font_size=\"15px \" opposite_text_color_tablet=\"#FFFFFF \" opposite_text_color_phone= \"#D52B1E\" opposite_text_color_last_edited=\"on|phone\" global_colors_info=\"{}\" parent_header_level=\"h4\u2033][\/dsm_content_timeline_child][\/dsm_content_timeline][\/et_pb_column][\/et_pb_row][\/et_pb_section]<\/p>","protected":false},"excerpt":{"rendered":"<p>Notre processusUne m\u00e9thodologie simple est un accompagnement gratuit pour vous permettre de cr\u00e9er la montre de vos r\u00eavesEn bref :Si vous rencontrez des difficult\u00e9s \u00e0 fournir vos visuels dans les formats ci-dessous, n&rsquo;h\u00e9sitez pas \u00e0 nous contacter. Nous pouvons \u00e9galement vous aider dans votre projet de montre de famille sur mesure, notamment dans la cr\u00e9ation de votre maquette et de vos visuels afin d&rsquo;harmoniser vos id\u00e9es.<div class=\"et_pb_module dsm_icon_list dsm_icon_list_0\">\n\t\t\t\t\n\t\t\t\t\n\t\t\t\t\n\t\t\t\t\n\t\t\t\t\n\t\t\t\t\n\t\t\t\t<div class=\"et_pb_module_inner\">\n\t\t\t\t\t<ul class=\"dsm_icon_list_items dsm_icon_list_ltr_direction dsm_icon_list_layout_vertical\"><li class=\"dsm_icon_list_child dsm_icon_list_child_0\">\n\t\t\t\t\n\t\t\t\t\n\t\t\t\t\n\t\t\t\t\n\t\t\t\t<span class=\"dsm_icon_list_wrapper\"><span class=\"dsm_icon_list_icon\">\uf058<\/span><\/span><span class=\"dsm_icon_list_text\">.eps format (logo and text)<\/span>\n\t\t\t<\/li><li class=\"dsm_icon_list_child dsm_icon_list_child_1\">\n\t\t\t\t\n\t\t\t\t\n\t\t\t\t\n\t\t\t\t\n\t\t\t\t<span class=\"dsm_icon_list_wrapper\"><span class=\"dsm_icon_list_icon\">\uf058<\/span><\/span><span class=\"dsm_icon_list_text\">Customised motion rotator (DXF.file)<\/span>\n\t\t\t<\/li><\/ul>\n\t\t\t\t<\/div>\n\t\t\t<\/div><div class=\"et_pb_module dsm_content_timeline dsm_content_timeline_0 et_animated\">\n\t\t\t\t\n\t\t\t\t\n\t\t\t\t\n\t\t\t\t\n\t\t\t\t\n\t\t\t\t\n\t\t\t\t<div class=\"et_pb_module_inner\">\n\t\t\t\t\t<div class=\"dsm-content-timeline-items-wrapper dsm-left\" data-tree-animation=\"off\" data-tree-animation-tablet=\"\" data-tree-animation-phone=\"\" data-image_lightbox=\"off\">\n\t\t\t<div class=\"dsm-content-timeline-tree\">\n\t\t\t\t\n\t\t\t<\/div>\n\t\t   \n\t\t<\/div>\n\t\t\n\t\t\t\t<\/div>\n\t\t\t<\/div><div class=\"dsm-content-timeline-item-wrapper dsm_content_timeline_child_0\">\n\t\t\t\t<div class=\"dsm-content-timeline-date dsm-desktop\" data-et-multi-view=\"{&quot;schema&quot;:{&quot;content&quot;:{&quot;desktop&quot;:&quot;&lt;span class=\\&quot;date\\&quot;&gt;1&lt;\\\/span&gt;&quot;,&quot;phone&quot;:&quot;&lt;span class=\\&quot;date\\&quot;&gt;Etape 1&lt;\\\/span&gt;&quot;}},&quot;slug&quot;:&quot;dsm_content_timeline_child&quot;}\" data-et-multi-view-load-phone-hidden=\"true\"><span class=\"date\">1<\/span><\/div>\n\t\t\t\t<div class=\"dsm-content-timeline-content-wrapper dsm_wrapper_dsm_content_timeline_child_0 dsm-visibility\">   \t\t\n\t\t\t\t\t<div class=\"dsm-content-timeline-date dsm-mobile\" data-et-multi-view=\"{&quot;schema&quot;:{&quot;content&quot;:{&quot;desktop&quot;:&quot;&lt;span class=\\&quot;date\\&quot;&gt;1&lt;\\\/span&gt;&quot;,&quot;phone&quot;:&quot;&lt;span class=\\&quot;date\\&quot;&gt;Etape 1&lt;\\\/span&gt;&quot;}},&quot;slug&quot;:&quot;dsm_content_timeline_child&quot;}\" data-et-multi-view-load-phone-hidden=\"true\"><span class=\"date\">1<\/span><\/div>\n\t\t\t\t\t\n\t\t\t\t\t\n\t\t\t\t\t<div class=\"dsm-timeline-content\">\n\t\t\t\t\t\t<h4 class=\"dsm-title\">Think for yourself <\/h4>\n\t\t\t\t\t\t<div class=\"dsm-description\"> Choose the range Choose the watch Choose the strap Choose the personalisation options <\/div>\n\t\t\t\t\t\t\n\t\t\t\t\t\t\n\t\t\t\t\t<\/div>\t\n\t\t\t\t<\/div>\n\t\t\t\t<div class=\"dsm-pointer-wrapper\">\n\t\t\t\t\t\n\t\t\t\t\t\n\t\t\t\t<\/div>\n\t\t\t<\/div><div class=\"dsm-content-timeline-item-wrapper dsm_content_timeline_child_1\">\n\t\t\t\t\n\t\t\t\t<div class=\"dsm-content-timeline-content-wrapper dsm_wrapper_dsm_content_timeline_child_1 dsm-visibility\">   \t\t\n\t\t\t\t\t\n\t\t\t\t\t\n\t\t\t\t\t\n\t\t\t\t\t<div class=\"dsm-timeline-content\">\n\t\t\t\t\t\t<h4 class=\"dsm-title\">\"Formulate<\/h4>\n\t\t\t\t\t\t<div class=\"dsm-description\">\"<\/div>\n\t\t\t\t\t\t\n\t\t\t\t\t\t<div class=\"et_pb_button_wrapper\"><a class=\"et_pb_button dsm_button\" href=\"\">\"Start<\/a><\/div>\n\t\t\t\t\t<\/div>\t\n\t\t\t\t<\/div>\n\t\t\t\t<div class=\"dsm-pointer-wrapper\">\n\t\t\t\t\t\n\t\t\t\t\t\n\t\t\t\t<\/div>\n\t\t\t<\/div><\/p>","protected":false},"author":1,"featured_media":0,"parent":0,"menu_order":0,"comment_status":"closed","ping_status":"closed","template":"","meta":{"_et_pb_use_builder":"on","_et_pb_old_content":"","_et_gb_content_width":"","inline_featured_image":false,"_joinchat":[],"footnotes":""},"class_list":["post-251750","page","type-page","status-publish","hentry"],"yoast_head":"<!-- This site is optimized with the Yoast SEO plugin v27.4 - https:\/\/yoast.com\/product\/yoast-seo-wordpress\/ -->\n<title>Processus - Passation<\/title>\n<meta name=\"description\" content=\"Explorez notre customisation de montres automatiques : gravures uniques et cadran sur mesure. Cr\u00e9ez la v\u00f4tre !\" \/>\n<meta name=\"robots\" content=\"index, follow, max-snippet:-1, max-image-preview:large, max-video-preview:-1\" \/>\n<link rel=\"canonical\" href=\"https:\/\/passation.ch\/en\/processus\/\" \/>\n<meta property=\"og:locale\" content=\"en_GB\" \/>\n<meta property=\"og:type\" content=\"article\" \/>\n<meta property=\"og:title\" content=\"Processus - Passation\" \/>\n<meta property=\"og:description\" content=\"Explorez notre customisation de montres automatiques : gravures uniques et cadran sur mesure. Cr\u00e9ez la v\u00f4tre !\" \/>\n<meta property=\"og:url\" content=\"https:\/\/passation.ch\/en\/processus\/\" \/>\n<meta property=\"og:site_name\" content=\"Passation\" \/>\n<meta property=\"article:modified_time\" content=\"2025-11-07T14:57:05+00:00\" \/>\n<meta name=\"twitter:card\" content=\"summary_large_image\" \/>\n<meta name=\"twitter:label1\" content=\"Estimated reading time\" \/>\n\t<meta name=\"twitter:data1\" content=\"3 minutes\" \/>\n<script type=\"application\/ld+json\" class=\"yoast-schema-graph\">{\"@context\":\"https:\\\/\\\/schema.org\",\"@graph\":[{\"@type\":\"WebPage\",\"@id\":\"https:\\\/\\\/passation.ch\\\/processus\\\/\",\"url\":\"https:\\\/\\\/passation.ch\\\/processus\\\/\",\"name\":\"Processus - Passation\",\"isPartOf\":{\"@id\":\"https:\\\/\\\/passation.ch\\\/#website\"},\"datePublished\":\"2023-10-19T18:15:52+00:00\",\"dateModified\":\"2025-11-07T14:57:05+00:00\",\"description\":\"Explorez notre customisation de montres automatiques : gravures uniques et cadran sur mesure. Cr\u00e9ez la v\u00f4tre !\",\"breadcrumb\":{\"@id\":\"https:\\\/\\\/passation.ch\\\/processus\\\/#breadcrumb\"},\"inLanguage\":\"en-GB\",\"potentialAction\":[{\"@type\":\"ReadAction\",\"target\":[\"https:\\\/\\\/passation.ch\\\/processus\\\/\"]}]},{\"@type\":\"BreadcrumbList\",\"@id\":\"https:\\\/\\\/passation.ch\\\/processus\\\/#breadcrumb\",\"itemListElement\":[{\"@type\":\"ListItem\",\"position\":1,\"name\":\"Accueil\",\"item\":\"https:\\\/\\\/passation.ch\\\/\"},{\"@type\":\"ListItem\",\"position\":2,\"name\":\"Processus\"}]},{\"@type\":\"WebSite\",\"@id\":\"https:\\\/\\\/passation.ch\\\/#website\",\"url\":\"https:\\\/\\\/passation.ch\\\/\",\"name\":\"Passation\",\"description\":\"Montre de famille sur mesure\",\"potentialAction\":[{\"@type\":\"SearchAction\",\"target\":{\"@type\":\"EntryPoint\",\"urlTemplate\":\"https:\\\/\\\/passation.ch\\\/?s={search_term_string}\"},\"query-input\":{\"@type\":\"PropertyValueSpecification\",\"valueRequired\":true,\"valueName\":\"search_term_string\"}}],\"inLanguage\":\"en-GB\"}]}<\/script>\n<!-- \/ Yoast SEO plugin. -->","yoast_head_json":{"title":"Processus - Passation","description":"Explorez notre customisation de montres automatiques : gravures uniques et cadran sur mesure. Cr\u00e9ez la v\u00f4tre !","robots":{"index":"index","follow":"follow","max-snippet":"max-snippet:-1","max-image-preview":"max-image-preview:large","max-video-preview":"max-video-preview:-1"},"canonical":"https:\/\/passation.ch\/en\/processus\/","og_locale":"en_GB","og_type":"article","og_title":"Processus - Passation","og_description":"Explorez notre customisation de montres automatiques : gravures uniques et cadran sur mesure. Cr\u00e9ez la v\u00f4tre !","og_url":"https:\/\/passation.ch\/en\/processus\/","og_site_name":"Passation","article_modified_time":"2025-11-07T14:57:05+00:00","twitter_card":"summary_large_image","twitter_misc":{"Estimated reading time":"3 minutes"},"schema":{"@context":"https:\/\/schema.org","@graph":[{"@type":"WebPage","@id":"https:\/\/passation.ch\/processus\/","url":"https:\/\/passation.ch\/processus\/","name":"Processus - Passation","isPartOf":{"@id":"https:\/\/passation.ch\/#website"},"datePublished":"2023-10-19T18:15:52+00:00","dateModified":"2025-11-07T14:57:05+00:00","description":"Explorez notre customisation de montres automatiques : gravures uniques et cadran sur mesure. Cr\u00e9ez la v\u00f4tre !","breadcrumb":{"@id":"https:\/\/passation.ch\/processus\/#breadcrumb"},"inLanguage":"en-GB","potentialAction":[{"@type":"ReadAction","target":["https:\/\/passation.ch\/processus\/"]}]},{"@type":"BreadcrumbList","@id":"https:\/\/passation.ch\/processus\/#breadcrumb","itemListElement":[{"@type":"ListItem","position":1,"name":"Accueil","item":"https:\/\/passation.ch\/"},{"@type":"ListItem","position":2,"name":"Processus"}]},{"@type":"WebSite","@id":"https:\/\/passation.ch\/#website","url":"https:\/\/passation.ch\/","name":"Transfer","description":"Made-to-measure family watch","potentialAction":[{"@type":"SearchAction","target":{"@type":"EntryPoint","urlTemplate":"https:\/\/passation.ch\/?s={search_term_string}"},"query-input":{"@type":"PropertyValueSpecification","valueRequired":true,"valueName":"search_term_string"}}],"inLanguage":"en-GB"}]}},"_links":{"self":[{"href":"https:\/\/passation.ch\/en\/wp-json\/wp\/v2\/pages\/251750","targetHints":{"allow":["GET"]}}],"collection":[{"href":"https:\/\/passation.ch\/en\/wp-json\/wp\/v2\/pages"}],"about":[{"href":"https:\/\/passation.ch\/en\/wp-json\/wp\/v2\/types\/page"}],"author":[{"embeddable":true,"href":"https:\/\/passation.ch\/en\/wp-json\/wp\/v2\/users\/1"}],"replies":[{"embeddable":true,"href":"https:\/\/passation.ch\/en\/wp-json\/wp\/v2\/comments?post=251750"}],"version-history":[{"count":21,"href":"https:\/\/passation.ch\/en\/wp-json\/wp\/v2\/pages\/251750\/revisions"}],"predecessor-version":[{"id":253019,"href":"https:\/\/passation.ch\/en\/wp-json\/wp\/v2\/pages\/251750\/revisions\/253019"}],"wp:attachment":[{"href":"https:\/\/passation.ch\/en\/wp-json\/wp\/v2\/media?parent=251750"}],"curies":[{"name":"wp","href":"https:\/\/api.w.org\/{rel}","templated":true}]}}