{"id":251718,"date":"2023-10-19T19:35:53","date_gmt":"2023-10-19T17:35:53","guid":{"rendered":"https:\/\/www.weebweeb.com\/demo7\/?page_id=251718"},"modified":"2024-05-08T05:43:13","modified_gmt":"2024-05-08T03:43:13","slug":"a-propos","status":"publish","type":"page","link":"https:\/\/passation.ch\/en\/a-propos\/","title":{"rendered":"About us"},"content":{"rendered":"<p>[et_pb_section fb_built=\"1\u2033 _builder_version=\"4.22.2\u2033 _module_preset=\"default \" background_image=\"https:\/\/passation.ch\/wp-content\/uploads\/2023\/10\/Design-sans-titre-84-1.png \" custom_padding=\"285px||285px||true| \" global_colors_info=\"{} \"][\/et_pb_section][et_pb_section fb_built=\"1\u2033 custom_padding_last_edited=\"on|phone \" disabled_on=\"off|off|off \" _builder_version=\"4.22.2\u2033 _module_preset=\"default \" custom_margin_tablet= \" \" custom_margin_phone= \" \" custom_margin_last_edited=\"on|phone \" custom_padding=\"65px||38px||false| \" custom_padding_tablet=\"65px||38px||false| \" custom_padding_phone=\"||25px||false|false \" global_colors_info=\"{}\"][et_pb_row column_structure=\"1_2,1_2\u2033 _builder_version=\"4.22.2\u2033 _module_preset=\"default \" custom_padding=\"38px||38px||true|\" animation_style=\"fade \" global_colors_info=\"{} \"][et_pb_column type=\"1_2\u2033 _builder_version=\"4.22.2\u2033 _module_preset=\"default \" global_colors_info=\"{} \"][et_pb_image src= \"https:\/\/passation.ch\/wp-content\/uploads\/2023\/10\/WhatsApp-Image-2023-10-19-at-18.52.30.jpeg \" title_text=\"WhatsApp Image 2023-10-19 at 18.52.30\u2033 _builder_version=\"4.22.2\u2033 _module_preset=\"default \" custom_margin=\"1px||||| \" global_colors_info=\"{} \"][\/et_pb_image][\/et_pb_column][et_pb_column type=\"1_2\u2033 _builder_version=\"4.22.2\u2033 _module_preset=\"default \" global_colors_info=\"{} \"][et_pb_text content_tablet= \"<\/p>\n<h3 style=\"%22text-align:\" justify;%22>Quality Swiss manufacturing thanks to our partner<\/h3>\n<p>\u00a0\" content_phone= \"<\/p>\n<h3 style=\"%22text-align:\" justify;%22>Quality Swiss manufacturing thanks to our partner<\/h3>\n<p>\u00a0\" content_last_edited=\"on|phone \" _builder_version=\"4.22.2\u2033 _module_preset=\"default \" header_3_font=\"Yantramanav|||||||| \" header_3_text_align=\"left \" header_3_font_size=\"35px \" header_3_letter_spacing=\"2px \" header_3_line_height=\"1.1em \" custom_margin=\"2px||30px||false|false \" header_3_font_size_tablet=\"40px \" header_3_font_size_phone=\"30px \" header_3_font_size_last_edited=\"on|phone \" locked=\"off \" global_colors_info=\"{}\"]<\/p>\n<h3 style=\"text-align: justify;\">Family business based in the Annecy region of France<\/h3>\n<p>[\/et_pb_text][et_pb_text _builder_version=\"4.23.1\u2033 _module_preset=\"default \" text_font=\"Poppins|300||||||| \" text_text_color=\"#000000\u2033 text_font_size=\"16px \" locked=\"off \" global_colors_info=\"{}\"]<\/p>\n<p style=\"text-align: justify;\">From the outset, our family-run business, nestling in the heart of the magnificent Annecy region, has been committed to offering the very best quality products. <a href=\"https:\/\/passation.ch\/en\/\">bespoke family watches <\/a>of the highest quality. Our proximity to Switzerland, the cradle of luxury watchmaking, gives us access to exceptional know-how and the best materials and mechanisms.<\/p>\n<p>We firmly believe that every family is unique, which is why we strive to create pieces that tell your story.<\/p>\n<p>&nbsp;<\/p>\n<p>[\/et_pb_text][\/et_pb_column][\/et_pb_row][\/et_pb_section][et_pb_section fb_built=\"1\u2033 disabled_on=\"on|on|off \" _builder_version=\"4.22.2\u2033 _module_preset=\"default \" background_color=\"#000000\u2033 custom_padding=\"50px||50px||true| \" global_colors_info=\"{} \"][et_pb_row column_structure=\"1_3,1_3,1_3\u2033 _builder_version=\"4.22.2\u2033 _module_preset=\"default \" scroll_horizontal_motion_enable=\"on \" scroll_horizontal_motion=\"0|50|50|100|4|0|0\u2033 motion_trigger_start=\"bottom \" sticky_position_tablet= \" \" sticky_position_phone= \" \" sticky_position_last_edited=\"on|phone \" global_colors_info=\"{} \"][et_pb_column type=\"1_3\u2033 _builder_version=\"4.22.2\u2033 _module_preset=\"default \" global_colors_info=\"{} \"][et_pb_image src= \"https:\/\/passation.ch\/wp-content\/uploads\/2023\/10\/Design-sans-titre-9.svg \" title_text=\"Design sans titre (9) \" align=\"center \" disabled_on=\"off|off|off \" _builder_version=\"4.22.2\u2033 _module_preset=\"default \" width=\"22% \" max_width=\"42% \" global_colors_info=\"{}\"][\/et_pb_image][et_pb_text _builder_version=\"4.22.2\u2033 _module_preset=\"default \" text_font=\"Yantramanav|||||||| \" text_text_color=\"#FFFFFF \" text_font_size=\"21px \" text_letter_spacing=\"2px \" text_line_height=\"1.2em \" global_colors_info=\"{} \"]<\/p>\n<p style=\"text-align: center;\">A company on a human scale<\/p>\n<p>[\/et_pb_text][\/et_pb_column][et_pb_column type=\"1_3\u2033 _builder_version=\"4.22.2\u2033 _module_preset=\"default \" global_colors_info=\"{} \"][et_pb_image src= \"https:\/\/passation.ch\/wp-content\/uploads\/2023\/10\/Design-sans-titre-9.svg \" title_text=\"Design sans titre (9) \" align=\"center \" disabled_on=\"off|off|off \" _builder_version=\"4.22.2\u2033 _module_preset=\"default \" width=\"22% \" max_width=\"42% \" global_colors_info=\"{}\"][\/et_pb_image][et_pb_text _builder_version=\"4.22.2\u2033 _module_preset=\"default \" text_font=\"Yantramanav|||||||| \" text_text_color=\"#FFFFFF \" text_font_size=\"21px \" text_letter_spacing=\"2px \" text_line_height=\"1.2em \" global_colors_info=\"{} \"]<\/p>\n<p style=\"text-align: center;\">Local partner manufacturer<\/p>\n<p>[\/et_pb_text][\/et_pb_column][et_pb_column type=\"1_3\u2033 _builder_version=\"4.22.2\u2033 _module_preset=\"default \" global_colors_info=\"{} \"][et_pb_image src= \"https:\/\/passation.ch\/wp-content\/uploads\/2023\/10\/Design-sans-titre-9.svg \" title_text=\"Design sans titre (9) \" align=\"center \" disabled_on=\"off|off|off \" _builder_version=\"4.22.2\u2033 _module_preset=\"default \" width=\"22% \" max_width=\"42% \" global_colors_info=\"{}\"][\/et_pb_image][et_pb_text _builder_version=\"4.22.2\u2033 _module_preset=\"default \" text_font=\"Yantramanav|||||||| \" text_text_color=\"#FFFFFF \" text_font_size=\"21px \" text_letter_spacing=\"2px \" text_line_height=\"1.2em \" global_colors_info=\"{} \"]<\/p>\n<p style=\"text-align: center;\">Respectful pricing<\/p>\n<p>[\/et_pb_text][\/et_pb_column][\/et_pb_row][\/et_pb_section][et_pb_section fb_built=\"1\u2033 disabled_on=\"off|off|on \" _builder_version=\"4.22.2\u2033 _module_preset=\"default \" background_color=\"#000000\u2033 custom_padding=\"50px||50px||true| \" global_colors_info=\"{} \"][et_pb_row column_structure=\"1_3,1_3,1_3\u2033 _builder_version=\"4.22.2\u2033 _module_preset=\"default \" scroll_horizontal_motion=\"0|50|50|100|4|0|0\u2033 motion_trigger_start=\"bottom \" sticky_position_tablet= \" \" sticky_position_phone= \" \" sticky_position_last_edited=\"on|desktop \" global_colors_info=\"{} \"][et_pb_column type=\"1_3\u2033 _builder_version=\"4.22.2\u2033 _module_preset=\"default \" global_colors_info=\"{} \"][et_pb_image src= \"https:\/\/passation.ch\/wp-content\/uploads\/2023\/10\/Design-sans-titre-9.svg \" title_text=\"Design sans titre (9) \" align=\"center \" disabled_on=\"off|off|off \" _builder_version=\"4.22.2\u2033 _module_preset=\"default \" width=\"22% \" max_width=\"42% \" global_colors_info=\"{}\"][\/et_pb_image][et_pb_text _builder_version=\"4.22.2\u2033 _module_preset=\"default \" text_font=\"Yantramanav|||||||| \" text_text_color=\"#FFFFFF \" text_font_size=\"21px \" text_letter_spacing=\"2px \" text_line_height=\"1.2em \" global_colors_info=\"{} \"]<\/p>\n<p style=\"text-align: center;\">A company on a human scale<\/p>\n<p>[\/et_pb_text][\/et_pb_column][et_pb_column type=\"1_3\u2033 _builder_version=\"4.22.2\u2033 _module_preset=\"default \" global_colors_info=\"{} \"][et_pb_image src= \"https:\/\/passation.ch\/wp-content\/uploads\/2023\/10\/Design-sans-titre-9.svg \" title_text=\"Design sans titre (9) \" align=\"center \" disabled_on=\"off|off|off \" _builder_version=\"4.22.2\u2033 _module_preset=\"default \" width=\"22% \" max_width=\"42% \" global_colors_info=\"{}\"][\/et_pb_image][et_pb_text _builder_version=\"4.22.2\u2033 _module_preset=\"default \" text_font=\"Yantramanav|||||||| \" text_text_color=\"#FFFFFF \" text_font_size=\"21px \" text_letter_spacing=\"2px \" text_line_height=\"1.2em \" global_colors_info=\"{} \"]<\/p>\n<p style=\"text-align: center;\">Local partner manufacturer<\/p>\n<p>[\/et_pb_text][\/et_pb_column][et_pb_column type=\"1_3\u2033 _builder_version=\"4.22.2\u2033 _module_preset=\"default \" global_colors_info=\"{} \"][et_pb_image src= \"https:\/\/passation.ch\/wp-content\/uploads\/2023\/10\/Design-sans-titre-9.svg \" title_text=\"Design sans titre (9) \" align=\"center \" disabled_on=\"off|off|off \" _builder_version=\"4.22.2\u2033 _module_preset=\"default \" width=\"22% \" max_width=\"42% \" global_colors_info=\"{}\"][\/et_pb_image][et_pb_text _builder_version=\"4.22.2\u2033 _module_preset=\"default \" text_font=\"Yantramanav|||||||| \" text_text_color=\"#FFFFFF \" text_font_size=\"21px \" text_letter_spacing=\"2px \" text_line_height=\"1.2em \" global_colors_info=\"{} \"]<\/p>\n<p style=\"text-align: center;\">Respectful pricing<\/p>\n<p>[\/et_pb_text][\/et_pb_column][\/et_pb_row][\/et_pb_section][et_pb_section fb_built=\"1\u2033 _builder_version=\"4.22.2\u2033 _module_preset=\"default \" global_colors_info=\"{}\"][et_pb_row _builder_version=\"4.22.2\u2033 _module_preset=\"default \" custom_padding=\"38px||38px||true| \" animation_style=\"fade \" global_colors_info=\"{} \"][et_pb_column type=\"4_4\u2033 _builder_version=\"4.22.2\u2033 _module_preset=\"default \" global_colors_info=\"{} \"][et_pb_text content_tablet= \"<\/p>\n<h3 style=\"%22text-align:\" left;%22>Why <span style=\"%22color:\" #d52b1e;%22>Transfer<\/span> ?<\/h3>\n<p>\u00a0\" content_phone= \"<\/p>\n<h3 style=\"%22text-align:\" left;%22>Why <span style=\"%22color:\" #d52b1e;%22>Transfer<\/span> ?<\/h3>\n<p>\u00a0\" content_last_edited=\"on|desktop \" _builder_version=\"4.22.2\u2033 _module_preset=\"default \" header_3_font=\"Yantramanav|||||||| \" header_3_text_align=\"left \" header_3_font_size=\"35px \" header_3_letter_spacing=\"2px \" header_3_line_height=\"1.1em \" custom_margin=\"2px||30px||false|false \" header_3_font_size_tablet=\"40px \" header_3_font_size_phone=\"30px \" header_3_font_size_last_edited=\"on|phone \" locked=\"off \" global_colors_info=\"{}\"]<\/p>\n<h3 style=\"text-align: left;\">Why <span style=\"color: #d52b1e;\">Transfer<\/span> ?<\/h3>\n<p>[\/et_pb_text][et_pb_text _builder_version=\"4.25.0\u2033 _module_preset=\"default \" text_font=\"Poppins|300||||||| \" text_text_color=\"#000000\u2033 text_font_size=\"16px \" hover_enabled=\"0\u2033 global_colors_info=\"{}\" sticky_enabled=\"0\u2033]<\/p>\n<p>Once upon a time, in the heart of the Annecy region, there was a family with a passion for watchmaking. When they set out to create a family watch in <a href=\"https:\/\/passation.ch\/en\/montre-marque-blanche\/\">white marking<\/a>They were faced with a dilemma.<\/p>\n<p>The market offered customisable objects, of course, but of mediocre quality, looking more like goodies than genuine collectors' items. Other suppliers did offer customisation, but their brand was omnipresent, distorting the true essence of the family watch. And then there were those bespoke watches, of unrivalled beauty, but at prices so exorbitant that it was impossible to contemplate buying several pieces from the same collection.<\/p>\n<p>How do you strike the right balance between quality, customisation and accessibility?<\/p>\n<p>Then a brilliant idea occurred to them: why not work with a Swiss manufacturer renowned for its exceptional watchmaking expertise? They could then offer white-label, customisable watches made from premium materials at an affordable price.<\/p>\n<p>After months of research, negotiation and testing, their dream has become a reality. Today, thanks to this unique collaboration, the company offers its customers bespoke watches of impeccable quality at a decent price.<\/p>\n<p>And so Passation was born, dedicated to all those who, like this family, seek to immortalise their memories through a watch that reflects them, without compromise.<\/p>\n<p>Click here <a href=\"https:\/\/passation.ch\/en\/montres-artero\/\">discover our history through our microbrand of Artero watches<\/a><\/p>\n<p>[\/et_pb_text][\/et_pb_column][\/et_pb_row][\/et_pb_section]<\/p>","protected":false},"excerpt":{"rendered":"<p>A family business based in the Annecy region of FranceSince our beginnings, our family business, nestled in the heart of the beautiful Annecy region, has been committed to offering bespoke family watches of the highest quality. Our proximity to Switzerland, the birthplace of luxury watchmaking, gives us access to exceptional expertise and the finest materials and mechanisms. We firmly believe that every family is unique, which is why we strive to create pieces that tell your story.  A company on a human scaleA local manufacturing partnerRespectful pricingA company on a human scaleA local manufacturing partnerRespectful pricingWhy Passation? Once upon a time, in the heart of the Annecy region, there was a family with a passion for watchmaking. When they set out to create a white-label family watch, they came up against a dilemma. The market offered customisable objects, of course, but of mediocre quality, looking more like goodies than genuine collector's items. Other suppliers did offer customisation, but their brand was omnipresent, distorting the true essence of the family watch. And then there were those bespoke watches, of unrivalled beauty, but at prices so exorbitant that it was impossible to envisage buying several pieces of a [...]<\/p>","protected":false},"author":1,"featured_media":0,"parent":0,"menu_order":0,"comment_status":"closed","ping_status":"closed","template":"","meta":{"_et_pb_use_builder":"on","_et_pb_old_content":"","_et_gb_content_width":"","inline_featured_image":false,"_joinchat":[],"footnotes":""},"class_list":["post-251718","page","type-page","status-publish","hentry"],"yoast_head":"<!-- This site is optimized with the Yoast SEO plugin v27.4 - https:\/\/yoast.com\/product\/yoast-seo-wordpress\/ -->\n<title>\u00c0 propos - Passation<\/title>\n<meta name=\"description\" content=\"D\u00e9couvrez notre histoire et la passion qui anime notre marque. Depuis nos d\u00e9buts, nous nous engageons \u00e0 cr\u00e9er des montres qui ont du sens.\" \/>\n<meta name=\"robots\" content=\"index, follow, max-snippet:-1, max-image-preview:large, max-video-preview:-1\" \/>\n<link rel=\"canonical\" href=\"https:\/\/passation.ch\/en\/a-propos\/\" \/>\n<meta property=\"og:locale\" content=\"en_GB\" \/>\n<meta property=\"og:type\" content=\"article\" \/>\n<meta property=\"og:title\" content=\"\u00c0 propos - Passation\" \/>\n<meta property=\"og:description\" content=\"D\u00e9couvrez notre histoire et la passion qui anime notre marque. Depuis nos d\u00e9buts, nous nous engageons \u00e0 cr\u00e9er des montres qui ont du sens.\" \/>\n<meta property=\"og:url\" content=\"https:\/\/passation.ch\/en\/a-propos\/\" \/>\n<meta property=\"og:site_name\" content=\"Passation\" \/>\n<meta property=\"article:modified_time\" content=\"2024-05-08T03:43:13+00:00\" \/>\n<meta name=\"twitter:card\" content=\"summary_large_image\" \/>\n<meta name=\"twitter:label1\" content=\"Estimated reading time\" \/>\n\t<meta name=\"twitter:data1\" content=\"4 minutes\" \/>\n<script type=\"application\/ld+json\" class=\"yoast-schema-graph\">{\"@context\":\"https:\\\/\\\/schema.org\",\"@graph\":[{\"@type\":\"WebPage\",\"@id\":\"https:\\\/\\\/passation.ch\\\/a-propos\\\/\",\"url\":\"https:\\\/\\\/passation.ch\\\/a-propos\\\/\",\"name\":\"\u00c0 propos - Passation\",\"isPartOf\":{\"@id\":\"https:\\\/\\\/passation.ch\\\/#website\"},\"datePublished\":\"2023-10-19T17:35:53+00:00\",\"dateModified\":\"2024-05-08T03:43:13+00:00\",\"description\":\"D\u00e9couvrez notre histoire et la passion qui anime notre marque. Depuis nos d\u00e9buts, nous nous engageons \u00e0 cr\u00e9er des montres qui ont du sens.\",\"breadcrumb\":{\"@id\":\"https:\\\/\\\/passation.ch\\\/a-propos\\\/#breadcrumb\"},\"inLanguage\":\"en-GB\",\"potentialAction\":[{\"@type\":\"ReadAction\",\"target\":[\"https:\\\/\\\/passation.ch\\\/a-propos\\\/\"]}]},{\"@type\":\"BreadcrumbList\",\"@id\":\"https:\\\/\\\/passation.ch\\\/a-propos\\\/#breadcrumb\",\"itemListElement\":[{\"@type\":\"ListItem\",\"position\":1,\"name\":\"Accueil\",\"item\":\"https:\\\/\\\/passation.ch\\\/\"},{\"@type\":\"ListItem\",\"position\":2,\"name\":\"\u00c0 propos\"}]},{\"@type\":\"WebSite\",\"@id\":\"https:\\\/\\\/passation.ch\\\/#website\",\"url\":\"https:\\\/\\\/passation.ch\\\/\",\"name\":\"Passation\",\"description\":\"Montre de famille sur mesure\",\"potentialAction\":[{\"@type\":\"SearchAction\",\"target\":{\"@type\":\"EntryPoint\",\"urlTemplate\":\"https:\\\/\\\/passation.ch\\\/?s={search_term_string}\"},\"query-input\":{\"@type\":\"PropertyValueSpecification\",\"valueRequired\":true,\"valueName\":\"search_term_string\"}}],\"inLanguage\":\"en-GB\"}]}<\/script>\n<!-- \/ Yoast SEO plugin. -->","yoast_head_json":{"title":"\u00c0 propos - Passation","description":"D\u00e9couvrez notre histoire et la passion qui anime notre marque. Depuis nos d\u00e9buts, nous nous engageons \u00e0 cr\u00e9er des montres qui ont du sens.","robots":{"index":"index","follow":"follow","max-snippet":"max-snippet:-1","max-image-preview":"max-image-preview:large","max-video-preview":"max-video-preview:-1"},"canonical":"https:\/\/passation.ch\/en\/a-propos\/","og_locale":"en_GB","og_type":"article","og_title":"\u00c0 propos - Passation","og_description":"D\u00e9couvrez notre histoire et la passion qui anime notre marque. Depuis nos d\u00e9buts, nous nous engageons \u00e0 cr\u00e9er des montres qui ont du sens.","og_url":"https:\/\/passation.ch\/en\/a-propos\/","og_site_name":"Passation","article_modified_time":"2024-05-08T03:43:13+00:00","twitter_card":"summary_large_image","twitter_misc":{"Estimated reading time":"4 minutes"},"schema":{"@context":"https:\/\/schema.org","@graph":[{"@type":"WebPage","@id":"https:\/\/passation.ch\/a-propos\/","url":"https:\/\/passation.ch\/a-propos\/","name":"\u00c0 propos - Passation","isPartOf":{"@id":"https:\/\/passation.ch\/#website"},"datePublished":"2023-10-19T17:35:53+00:00","dateModified":"2024-05-08T03:43:13+00:00","description":"D\u00e9couvrez notre histoire et la passion qui anime notre marque. Depuis nos d\u00e9buts, nous nous engageons \u00e0 cr\u00e9er des montres qui ont du sens.","breadcrumb":{"@id":"https:\/\/passation.ch\/a-propos\/#breadcrumb"},"inLanguage":"en-GB","potentialAction":[{"@type":"ReadAction","target":["https:\/\/passation.ch\/a-propos\/"]}]},{"@type":"BreadcrumbList","@id":"https:\/\/passation.ch\/a-propos\/#breadcrumb","itemListElement":[{"@type":"ListItem","position":1,"name":"Accueil","item":"https:\/\/passation.ch\/"},{"@type":"ListItem","position":2,"name":"\u00c0 propos"}]},{"@type":"WebSite","@id":"https:\/\/passation.ch\/#website","url":"https:\/\/passation.ch\/","name":"Transfer","description":"Made-to-measure family watch","potentialAction":[{"@type":"SearchAction","target":{"@type":"EntryPoint","urlTemplate":"https:\/\/passation.ch\/?s={search_term_string}"},"query-input":{"@type":"PropertyValueSpecification","valueRequired":true,"valueName":"search_term_string"}}],"inLanguage":"en-GB"}]}},"_links":{"self":[{"href":"https:\/\/passation.ch\/en\/wp-json\/wp\/v2\/pages\/251718","targetHints":{"allow":["GET"]}}],"collection":[{"href":"https:\/\/passation.ch\/en\/wp-json\/wp\/v2\/pages"}],"about":[{"href":"https:\/\/passation.ch\/en\/wp-json\/wp\/v2\/types\/page"}],"author":[{"embeddable":true,"href":"https:\/\/passation.ch\/en\/wp-json\/wp\/v2\/users\/1"}],"replies":[{"embeddable":true,"href":"https:\/\/passation.ch\/en\/wp-json\/wp\/v2\/comments?post=251718"}],"version-history":[{"count":23,"href":"https:\/\/passation.ch\/en\/wp-json\/wp\/v2\/pages\/251718\/revisions"}],"predecessor-version":[{"id":252807,"href":"https:\/\/passation.ch\/en\/wp-json\/wp\/v2\/pages\/251718\/revisions\/252807"}],"wp:attachment":[{"href":"https:\/\/passation.ch\/en\/wp-json\/wp\/v2\/media?parent=251718"}],"curies":[{"name":"wp","href":"https:\/\/api.w.org\/{rel}","templated":true}]}}