{"id":251476,"date":"2023-10-19T03:10:01","date_gmt":"2023-10-19T01:10:01","guid":{"rendered":"https:\/\/www.weebweeb.com\/demo7\/?page_id=251476"},"modified":"2025-05-06T14:27:05","modified_gmt":"2025-05-06T12:27:05","slug":"gamme-sport-200m","status":"publish","type":"page","link":"https:\/\/passation.ch\/en\/gamme-sport-200m\/","title":{"rendered":"Sport 200M range"},"content":{"rendered":"<p>[et_pb_section fb_built=\"1\u2033 disabled_on=\"off|off|off \" _builder_version=\"4.22.2\u2033 _module_preset=\"default \" background_color=\"#f9f9f9\u2033 background_enable_pattern_style=\"on \" background_pattern_style=\"squares \" background_pattern_color=\"rgba(0,0,0,0.05) \" custom_padding=\"69px||69px||true| \" global_colors_info=\"{} \"][et_pb_row _builder_version=\"4.16\u2033 _module_preset=\"default \" locked=\"off \" global_colors_info=\"{} \"][et_pb_column type=\"4_4\u2033 _builder_version=\"4.16\u2033 _module_preset=\"default \" global_colors_info=\"{} \"][et_pb_image src=\"https:\/\/passation.ch\/wp-content\/uploads\/2023\/10\/Design-sans-titre-10.svg \" title_text=\"Untitled design (10)\" align=\"center\" _builder_version=\"4.22.2\u2033 _module_preset=\"default \" custom_margin=\"||13px||| \" global_colors_info=\"{} \"][\/et_pb_image][et_pb_text _builder_version=\"4.22.2\u2033 _module_preset=\"default \" header_font=\"Yantramanav|||||||| \" header_font_size=\"40px \" header_letter_spacing=\"2px \" header_3_font=\"Yantramanav|||||||| \" header_3_font_size=\"40px \" header_3_letter_spacing=\"2px \" custom_margin=\"||7px||false|false \" header_font_size_tablet=\"40px \" header_font_size_phone=\"30px \" header_font_size_last_edited=\"on|phone \" header_3_font_size_tablet=\"30px \" header_3_font_size_phone=\"30px \" header_3_font_size_last_edited=\"on|phone \" global_colors_info=\"{}\"]<\/p>\n<h1 style=\"text-align: center;\">range <span>Sport 200M <\/span><\/h1>\n<p>[\/et_pb_text][et_pb_text _builder_version=\"4.27.4\u2033 _module_preset=\"default \" header_font=\"Yantramanav|||||||| \" header_font_size=\"40px \" header_letter_spacing=\"2px \" header_3_font=\"Yantramanav|||||||| \" header_3_font_size=\"40px \" header_3_letter_spacing=\"2px \" custom_margin=\"||7px||false|false \" hover_enabled= \"0\u2033 header_font_size_tablet=\"40px \" header_font_size_phone=\"30px \" header_font_size_last_edited=\"on|phone \" header_3_font_size_tablet=\"30px \" header_3_font_size_phone=\"30px \" header_3_font_size_last_edited=\"on|phone \" global_colors_info=\"{}\" sticky_enabled=\"0\u2033]<\/p>\n<p style=\"text-align: center;\"><span style=\"color: #ff0000;\"><strong>Epuis\u00e9e \/ Out of stock<\/strong><\/span><\/p>\n<p>[\/et_pb_text][et_pb_text _builder_version=\"4.22.2\u2033 _module_preset=\"default \" text_font=\"Poppins|300||||||| \" text_text_color=\"#000000\u2033 text_font_size=\"17px \" text_orientation=\"center \" width=\"40% \" width_tablet=\"76% \" width_phone=\"100% \" width_last_edited=\"on|phone \" module_alignment=\"center \" global_colors_info=\"{}\"]<\/p>\n<p><span>A massive range of premium, durable materials for sports and casual use<\/span><\/p>\n<p>[\/et_pb_text][\/et_pb_column][\/et_pb_row][\/et_pb_section][et_pb_section fb_built=\"1\u2033 _builder_version=\"4.22.2\u2033 _module_preset=\"default \" global_colors_info=\"{} \"][et_pb_row column_structure=\"1_3,1_3,1_3\u2033 _builder_version=\"4.22.2\u2033 _module_preset=\"default \" width=\"43% \" width_tablet=\"43% \" width_phone=\"75% \" width_last_edited=\"on|phone \" animation_style=\"fade \" global_colors_info=\"{}\"][et_pb_column type=\"1_3\u2033 _builder_version=\"4.22.2\u2033 _module_preset=\"default \" global_colors_info=\"{} \"][et_pb_image src= \"https:\/\/passation.ch\/wp-content\/uploads\/2023\/10\/S2NN001MA.png \" title_text=\"S2NN001MA\" url=\"https:\/\/passation.ch\/sport-200m-silver-black-metal-silver-s2an001ma\/\" _builder_version=\"4.22.2\u2033 _module_preset=\"default \" custom_margin=\"||17px||| \" border_color_all=\"#D52B1E \" global_colors_info=\"{} \" border_width_all__hover=\"3px \" border_width_all__hover_enabled=\"on|hover \" transform_styles__hover_enabled=\"on|hover \" transform_scale__hover_enabled= \"on|hover \" transform_translate__hover_enabled=\"on|hover \" transform_rotate__hover_enabled=\"on|hover \" transform_skew__hover_enabled=\"on|hover \" transform_origin__hover_enabled=\"on|hover \" border_radii__hover_enabled=\"on|hover \"][\/et_pb_image][et_pb_text content_tablet= \"<\/p>\n<p>Silver\/Black\/Metal<br \/><strong><span>S2AN001MA<\/span><\/strong><\/p>\n<p>\u00a0\" content_phone= \"<\/p>\n<p style=\"%22text-align:\" center;%22>Silver\/Black\/Metal<br \/><strong><span>S2AN001MA<\/span><\/strong><\/p>\n<p>\u00a0\" content_last_edited=\"on|phone \" _builder_version=\"4.27.4\u2033 _module_preset=\"default \" text_font=\"Poppins|300||||||| \" text_text_color=\"#000000\u2033 text_font_size=\"17px \" locked=\"off \" global_colors_info=\"{}\"]<\/p>\n<p>Silver\/Black\/Metal<br \/><strong>A-SP200M01<\/strong><\/p>\n<p>[\/et_pb_text][\/et_pb_column][et_pb_column type=\"1_3\u2033 _builder_version=\"4.22.2\u2033 _module_preset=\"default \" global_colors_info=\"{} \"][et_pb_image src= \"https:\/\/passation.ch\/wp-content\/uploads\/2023\/10\/S2BB002MA.png \" title_text=\"S2BB002MA \" url=\"https:\/\/passation.ch\/sport-200m-argent-bleu-metal-argent-s2ab002ma\/ \" _builder_version=\"4.22.2\u2033 _module_preset=\"default \" custom_margin=\"||17px||| \" border_color_all=\"#D52B1E \" global_colors_info=\"{} \" border_width_all__hover=\"3px \" border_width_all__hover_enabled=\"on|hover \" transform_styles__hover_enabled=\"on|hover \" transform_scale__hover_enabled= \"on|hover \" transform_translate__hover_enabled=\"on|hover \" transform_rotate__hover_enabled=\"on|hover \" transform_skew__hover_enabled=\"on|hover \" transform_origin__hover_enabled=\"on|hover \" border_radii__hover_enabled=\"on|hover \"][\/et_pb_image][et_pb_text content_tablet= \"<\/p>\n<p>Silver\/Blue\/Metal<br \/><strong><span>S2AB002MA<\/span><\/strong><\/p>\n<p>\u00a0\" content_phone= \"<\/p>\n<p style=\"%22text-align:\" center;%22>Silver\/Blue\/Metal<br \/><strong><span>S2AB002MA<\/span><\/strong><\/p>\n<p>\u00a0\" content_last_edited=\"on|phone \" _builder_version=\"4.27.4\u2033 _module_preset=\"default \" text_font=\"Poppins|300||||||| \" text_text_color=\"#000000\u2033 text_font_size=\"17px \" locked=\"off \" global_colors_info=\"{}\"]<\/p>\n<p>Silver\/Blue\/Metal<br \/><strong>A-SP200M02<\/strong><\/p>\n<p>[\/et_pb_text][\/et_pb_column][et_pb_column type=\"1_3\u2033 _builder_version=\"4.22.2\u2033 _module_preset=\"default \" global_colors_info=\"{} \"][et_pb_image src= \"https:\/\/passation.ch\/wp-content\/uploads\/2023\/10\/S2NN003MD.png \" title_text=\"S2NN003MD \" url=\"https:\/\/passation.ch\/sport-200m-dore-noir-metal-dore-s2dn003md\/ \" _builder_version=\"4.22.2\u2033 _module_preset=\"default \" custom_margin=\"||17px||| \" border_color_all=\"#D52B1E \" global_colors_info=\"{} \" border_width_all__hover=\"3px \" border_width_all__hover_enabled=\"on|hover \" transform_styles__hover_enabled=\"on|hover \" transform_scale__hover_enabled= \"on|hover \" transform_translate__hover_enabled=\"on|hover \" transform_rotate__hover_enabled=\"on|hover \" transform_skew__hover_enabled=\"on|hover \" transform_origin__hover_enabled=\"on|hover \" border_radii__hover_enabled=\"on|hover \"][\/et_pb_image][et_pb_text content_tablet= \"<\/p>\n<p>Gold\/Black\/Metal<br \/><strong><span>S2DN003MD<\/span><\/strong><\/p>\n<p>\u00a0\" content_phone= \"<\/p>\n<p style=\"%22text-align:\" center;%22>Gold\/Black\/Metal<br \/><strong><span>S2DN003MD<\/span><\/strong><\/p>\n<p>\u00a0\" content_last_edited=\"on|phone \" _builder_version=\"4.27.4\u2033 _module_preset=\"default \" text_font=\"Poppins|300||||||| \" text_text_color=\"#000000\u2033 text_font_size=\"17px \" locked=\"off \" global_colors_info=\"{}\"]<\/p>\n<p>Gold\/Black\/Metal<br \/><strong>A-SP200M05<\/strong><\/p>\n<p>[\/et_pb_text][\/et_pb_column][\/et_pb_row][\/et_pb_section][et_pb_section fb_built=\"1\u2033 _builder_version=\"4.22.2\u2033 _module_preset=\"default \" background_color=\"#000000\u2033 custom_padding=\"27px||27px||true|\" locked=\"off \" global_colors_info=\"{}\"][et_pb_row _builder_version=\"4.22.2\u2033 _module_preset=\"default \" global_colors_info=\"{} \"][et_pb_column type=\"4_4\u2033 _builder_version=\"4.22.2\u2033 _module_preset=\"default \" global_colors_info=\"{} \"][et_pb_text _builder_version=\"4.22.2\u2033 _module_preset=\"default \" text_font=\"Poppins||on|||||| \" text_text_color=\"#FFFFFF \" text_font_size=\"20px \" text_line_height=\"1.8em \" global_colors_info=\"{} \"]<\/p>\n<blockquote>\n<p><span>A watch, like sportiness, doesn't just measure time, it captures the very essence of performance and determination.<\/span><\/p>\n<\/blockquote>\n<p>[\/et_pb_text][\/et_pb_column][\/et_pb_row][\/et_pb_section][et_pb_section fb_built=\"1\u2033 _builder_version=\"4.22.2\u2033 _module_preset=\"default \" locked=\"off \" global_colors_info=\"{} \"][et_pb_row _builder_version=\"4.22.2\u2033 _module_preset=\"default \" global_colors_info=\"{} \"][et_pb_column type=\"4_4\u2033 _builder_version=\"4.22.2\u2033 _module_preset=\"default \" global_colors_info=\"{} \"][et_pb_text _builder_version=\"4.22.2\u2033 _module_preset=\"default \" header_2_font=\"Yantramanav|||||||| \" header_2_font_size=\"40px \" header_2_letter_spacing=\"2px \" header_3_font=\"Yantramanav|||||||| \" header_3_font_size=\"40px \" header_3_letter_spacing= \"2px \" custom_margin=\"||32px||false|false \" header_3_font_size_tablet= \" \" header_3_font_size_phone=\"30px \" header_3_font_size_last_edited=\"on|phone \" locked=\"off \" global_colors_info=\"{}\"]<\/p>\n<h2 style=\"text-align: center;\"><strong>When sport meets Swiss elegance<\/strong><\/h2>\n<p>[\/et_pb_text][et_pb_text _builder_version=\"4.23.1\u2033 _module_preset=\"default \" text_font=\"Poppins|300||||||| \" text_text_color=\"#000000\u2033 text_font_size=\"16px \" locked=\"off \" global_colors_info=\"{}\"]<\/p>\n<p><span>The \"Sport 200M\" range is the fruit of close collaboration with one of our privileged partners in German-speaking Switzerland, the cradle of precision watchmaking. This watch, designed for sports and adventure enthusiasts, combines the robustness needed for intense activity with the elegance of traditional Swiss watches. Its sturdy stainless steel case is complemented by a screw-down crown and rotating bezel, details that underline its sporty character while retaining a touch of refinement. The scratch-resistant sapphire crystal provides optimum protection for the dial, enabling the watch to withstand the test of time and the most demanding activities. With impressive water resistance to 200M\/20ATM, the Sport 200M is the ideal companion for divers and adventurers. <\/span><\/p>\n<p><span>Powered by a Swiss-made automatic movement, this watch is a symbol of precision and reliability. And because every detail counts, it comes with a 2-year international warranty. This range is the promise of a watch that makes no compromise between sporting performance and Swiss elegance.<\/span><\/p>\n<p><span>Discover our <a href=\"https:\/\/passation.ch\/en\/montre-marque-blanche\/\">white label watches.<\/a><\/span><\/p>\n<p>[\/et_pb_text][\/et_pb_column][\/et_pb_row][\/et_pb_section]<\/p>","protected":false},"excerpt":{"rendered":"<p>Gamme Sport 200M Epuis\u00e9e \/ Out of stockA massive range with premium, durable materials for sporty and casual useArgent\/Noir\/M\u00e9talA-SP200M01Argent\/Bleu\/M\u00e9talA-SP200M02Dor\u00e9\/Noir\/M\u00e9talA-SP200M05 A watch, like sportiness, doesn't just measure time, it captures the very essence of performance and determination. When sport meets Swiss eleganceThe \"Sport 200M\" range is the fruit of close collaboration with one of our privileged partners in German-speaking Switzerland, the cradle of precision watchmaking. This watch, designed for sports and adventure enthusiasts, combines the robustness needed for intense activity with the elegance of traditional Swiss watches. Its sturdy stainless steel case is complemented by a screw-down crown and rotating bezel, details that underline its sporty character while retaining a touch of refinement. The scratch-resistant sapphire crystal provides optimum protection for the dial, enabling the watch to withstand the test of time and the most demanding activities. With impressive water resistance to 200M\/20ATM, the \"Sport 200M\" is the ideal companion for divers and adventurers. Powered by a Swiss-made automatic movement, this watch is a symbol of precision and reliability. [...]<\/p>","protected":false},"author":1,"featured_media":0,"parent":0,"menu_order":0,"comment_status":"closed","ping_status":"closed","template":"","meta":{"_et_pb_use_builder":"on","_et_pb_old_content":"","_et_gb_content_width":"","inline_featured_image":false,"_joinchat":[],"footnotes":""},"class_list":["post-251476","page","type-page","status-publish","hentry"],"yoast_head":"<!-- This site is optimized with the Yoast SEO plugin v27.4 - https:\/\/yoast.com\/product\/yoast-seo-wordpress\/ -->\n<title>Gamme Sport 200M - Passation<\/title>\n<meta name=\"description\" content=\"Explorez notre gamme &#039;Sport 200M&#039;, des montres automatiques robustes et \u00e9l\u00e9gantes, con\u00e7ues pour les amateurs de sport et d&#039;aventure.\" \/>\n<meta name=\"robots\" content=\"index, follow, max-snippet:-1, max-image-preview:large, max-video-preview:-1\" \/>\n<link rel=\"canonical\" href=\"https:\/\/passation.ch\/en\/gamme-sport-200m\/\" \/>\n<meta property=\"og:locale\" content=\"en_GB\" \/>\n<meta property=\"og:type\" content=\"article\" \/>\n<meta property=\"og:title\" content=\"Gamme Sport 200M - Passation\" \/>\n<meta property=\"og:description\" content=\"Explorez notre gamme &#039;Sport 200M&#039;, des montres automatiques robustes et \u00e9l\u00e9gantes, con\u00e7ues pour les amateurs de sport et d&#039;aventure.\" \/>\n<meta property=\"og:url\" content=\"https:\/\/passation.ch\/en\/gamme-sport-200m\/\" \/>\n<meta property=\"og:site_name\" content=\"Passation\" \/>\n<meta property=\"article:modified_time\" content=\"2025-05-06T12:27:05+00:00\" \/>\n<meta name=\"twitter:card\" content=\"summary_large_image\" \/>\n<meta name=\"twitter:label1\" content=\"Estimated reading time\" \/>\n\t<meta name=\"twitter:data1\" content=\"3 minutes\" \/>\n<script type=\"application\/ld+json\" class=\"yoast-schema-graph\">{\"@context\":\"https:\\\/\\\/schema.org\",\"@graph\":[{\"@type\":\"WebPage\",\"@id\":\"https:\\\/\\\/passation.ch\\\/gamme-sport-200m\\\/\",\"url\":\"https:\\\/\\\/passation.ch\\\/gamme-sport-200m\\\/\",\"name\":\"Gamme Sport 200M - Passation\",\"isPartOf\":{\"@id\":\"https:\\\/\\\/passation.ch\\\/#website\"},\"datePublished\":\"2023-10-19T01:10:01+00:00\",\"dateModified\":\"2025-05-06T12:27:05+00:00\",\"description\":\"Explorez notre gamme 'Sport 200M', des montres automatiques robustes et \u00e9l\u00e9gantes, con\u00e7ues pour les amateurs de sport et d'aventure.\",\"breadcrumb\":{\"@id\":\"https:\\\/\\\/passation.ch\\\/gamme-sport-200m\\\/#breadcrumb\"},\"inLanguage\":\"en-GB\",\"potentialAction\":[{\"@type\":\"ReadAction\",\"target\":[\"https:\\\/\\\/passation.ch\\\/gamme-sport-200m\\\/\"]}]},{\"@type\":\"BreadcrumbList\",\"@id\":\"https:\\\/\\\/passation.ch\\\/gamme-sport-200m\\\/#breadcrumb\",\"itemListElement\":[{\"@type\":\"ListItem\",\"position\":1,\"name\":\"Accueil\",\"item\":\"https:\\\/\\\/passation.ch\\\/\"},{\"@type\":\"ListItem\",\"position\":2,\"name\":\"Gamme Sport 200M\"}]},{\"@type\":\"WebSite\",\"@id\":\"https:\\\/\\\/passation.ch\\\/#website\",\"url\":\"https:\\\/\\\/passation.ch\\\/\",\"name\":\"Passation\",\"description\":\"Montre de famille sur mesure\",\"potentialAction\":[{\"@type\":\"SearchAction\",\"target\":{\"@type\":\"EntryPoint\",\"urlTemplate\":\"https:\\\/\\\/passation.ch\\\/?s={search_term_string}\"},\"query-input\":{\"@type\":\"PropertyValueSpecification\",\"valueRequired\":true,\"valueName\":\"search_term_string\"}}],\"inLanguage\":\"en-GB\"}]}<\/script>\n<!-- \/ Yoast SEO plugin. -->","yoast_head_json":{"title":"Gamme Sport 200M - Passation","description":"Explorez notre gamme 'Sport 200M', des montres automatiques robustes et \u00e9l\u00e9gantes, con\u00e7ues pour les amateurs de sport et d'aventure.","robots":{"index":"index","follow":"follow","max-snippet":"max-snippet:-1","max-image-preview":"max-image-preview:large","max-video-preview":"max-video-preview:-1"},"canonical":"https:\/\/passation.ch\/en\/gamme-sport-200m\/","og_locale":"en_GB","og_type":"article","og_title":"Gamme Sport 200M - Passation","og_description":"Explorez notre gamme 'Sport 200M', des montres automatiques robustes et \u00e9l\u00e9gantes, con\u00e7ues pour les amateurs de sport et d'aventure.","og_url":"https:\/\/passation.ch\/en\/gamme-sport-200m\/","og_site_name":"Passation","article_modified_time":"2025-05-06T12:27:05+00:00","twitter_card":"summary_large_image","twitter_misc":{"Estimated reading time":"3 minutes"},"schema":{"@context":"https:\/\/schema.org","@graph":[{"@type":"WebPage","@id":"https:\/\/passation.ch\/gamme-sport-200m\/","url":"https:\/\/passation.ch\/gamme-sport-200m\/","name":"Gamme Sport 200M - Passation","isPartOf":{"@id":"https:\/\/passation.ch\/#website"},"datePublished":"2023-10-19T01:10:01+00:00","dateModified":"2025-05-06T12:27:05+00:00","description":"Explorez notre gamme 'Sport 200M', des montres automatiques robustes et \u00e9l\u00e9gantes, con\u00e7ues pour les amateurs de sport et d'aventure.","breadcrumb":{"@id":"https:\/\/passation.ch\/gamme-sport-200m\/#breadcrumb"},"inLanguage":"en-GB","potentialAction":[{"@type":"ReadAction","target":["https:\/\/passation.ch\/gamme-sport-200m\/"]}]},{"@type":"BreadcrumbList","@id":"https:\/\/passation.ch\/gamme-sport-200m\/#breadcrumb","itemListElement":[{"@type":"ListItem","position":1,"name":"Accueil","item":"https:\/\/passation.ch\/"},{"@type":"ListItem","position":2,"name":"Gamme Sport 200M"}]},{"@type":"WebSite","@id":"https:\/\/passation.ch\/#website","url":"https:\/\/passation.ch\/","name":"Transfer","description":"Made-to-measure family watch","potentialAction":[{"@type":"SearchAction","target":{"@type":"EntryPoint","urlTemplate":"https:\/\/passation.ch\/?s={search_term_string}"},"query-input":{"@type":"PropertyValueSpecification","valueRequired":true,"valueName":"search_term_string"}}],"inLanguage":"en-GB"}]}},"_links":{"self":[{"href":"https:\/\/passation.ch\/en\/wp-json\/wp\/v2\/pages\/251476","targetHints":{"allow":["GET"]}}],"collection":[{"href":"https:\/\/passation.ch\/en\/wp-json\/wp\/v2\/pages"}],"about":[{"href":"https:\/\/passation.ch\/en\/wp-json\/wp\/v2\/types\/page"}],"author":[{"embeddable":true,"href":"https:\/\/passation.ch\/en\/wp-json\/wp\/v2\/users\/1"}],"replies":[{"embeddable":true,"href":"https:\/\/passation.ch\/en\/wp-json\/wp\/v2\/comments?post=251476"}],"version-history":[{"count":16,"href":"https:\/\/passation.ch\/en\/wp-json\/wp\/v2\/pages\/251476\/revisions"}],"predecessor-version":[{"id":252996,"href":"https:\/\/passation.ch\/en\/wp-json\/wp\/v2\/pages\/251476\/revisions\/252996"}],"wp:attachment":[{"href":"https:\/\/passation.ch\/en\/wp-json\/wp\/v2\/media?parent=251476"}],"curies":[{"name":"wp","href":"https:\/\/api.w.org\/{rel}","templated":true}]}}